{"id":1393,"date":"2020-02-26T12:34:04","date_gmt":"2020-02-26T11:34:04","guid":{"rendered":"https:\/\/www.gmt-menuiseries.com\/3d-menuiserie\/?page_id=1393"},"modified":"2021-02-04T16:44:11","modified_gmt":"2021-02-04T15:44:11","slug":"qui-sommes-nous","status":"publish","type":"page","link":"https:\/\/www.preprod.gmt-menuiseries.com\/3d-menuiserie\/qui-sommes-nous\/","title":{"rendered":"Qui sommes-nous ?"},"content":{"rendered":"<p>GMT est un groupe de n\u00e9gociants ind\u00e9pendants menuisiers offrant aux particuliers comme aux professionnels une solution de produits de menuiseries destin\u00e9s \u00e0 l&rsquo;habitat collectif et individuel. Notre Groupement Menuisiers Tradition (GMT) compos\u00e9 de partenaires experts est pionnier sur ce march\u00e9 dans le secteur du Sud Ouest et Sud Est depuis sa cr\u00e9ation il y a 25 ans. Notre recherche permanente de nouveaux produits nous permet de r\u00e9pondre \u00e0 toutes vos exigences et vos souhaits.<\/p>\n","protected":false},"excerpt":{"rendered":"<p>GMT est un groupe de n\u00e9gociants ind\u00e9pendants menuisiers offrant aux particuliers comme aux professionnels une solution de produits de menuiseries destin\u00e9s \u00e0 l&rsquo;habitat collectif et individuel. Notre Groupement Menuisiers Tradition (GMT) compos\u00e9 de partenaires experts est pionnier sur ce march\u00e9 dans le secteur du Sud Ouest et Sud Est depuis sa cr\u00e9ation il y a&#8230;<\/p>\n","protected":false},"author":1,"featured_media":0,"parent":0,"menu_order":0,"comment_status":"closed","ping_status":"closed","template":"views\/presentation.blade.php","meta":{"footnotes":""},"class_list":["post-1393","page","type-page","status-publish","hentry"],"acf":[],"yoast_head":"<!-- This site is optimized with the Yoast SEO plugin v24.1 - https:\/\/yoast.com\/wordpress\/plugins\/seo\/ -->\n<title>Qui sommes-nous ? - 3D Menuiserie<\/title>\n<meta name=\"robots\" content=\"index, follow, max-snippet:-1, max-image-preview:large, max-video-preview:-1\" \/>\n<link rel=\"canonical\" href=\"https:\/\/www.preprod.gmt-menuiseries.com\/3d-menuiserie\/qui-sommes-nous\/\" \/>\n<meta property=\"og:locale\" content=\"fr_FR\" \/>\n<meta property=\"og:type\" content=\"article\" \/>\n<meta property=\"og:title\" content=\"Qui sommes-nous ? - 3D Menuiserie\" \/>\n<meta property=\"og:description\" content=\"GMT est un groupe de n\u00e9gociants ind\u00e9pendants menuisiers offrant aux particuliers comme aux professionnels une solution de produits de menuiseries destin\u00e9s \u00e0 l&rsquo;habitat collectif et individuel. Notre Groupement Menuisiers Tradition (GMT) compos\u00e9 de partenaires experts est pionnier sur ce march\u00e9 dans le secteur du Sud Ouest et Sud Est depuis sa cr\u00e9ation il y a...\" \/>\n<meta property=\"og:url\" content=\"https:\/\/www.preprod.gmt-menuiseries.com\/3d-menuiserie\/qui-sommes-nous\/\" \/>\n<meta property=\"og:site_name\" content=\"3D Menuiserie\" \/>\n<meta property=\"article:modified_time\" content=\"2021-02-04T15:44:11+00:00\" \/>\n<meta name=\"twitter:card\" content=\"summary_large_image\" \/>\n<script type=\"application\/ld+json\" class=\"yoast-schema-graph\">{\"@context\":\"https:\/\/schema.org\",\"@graph\":[{\"@type\":\"WebPage\",\"@id\":\"https:\/\/www.preprod.gmt-menuiseries.com\/3d-menuiserie\/qui-sommes-nous\/\",\"url\":\"https:\/\/www.preprod.gmt-menuiseries.com\/3d-menuiserie\/qui-sommes-nous\/\",\"name\":\"Qui sommes-nous ? - 3D Menuiserie\",\"isPartOf\":{\"@id\":\"https:\/\/www.preprod.gmt-menuiseries.com\/3d-menuiserie\/#website\"},\"datePublished\":\"2020-02-26T11:34:04+00:00\",\"dateModified\":\"2021-02-04T15:44:11+00:00\",\"breadcrumb\":{\"@id\":\"https:\/\/www.preprod.gmt-menuiseries.com\/3d-menuiserie\/qui-sommes-nous\/#breadcrumb\"},\"inLanguage\":\"fr-FR\",\"potentialAction\":[{\"@type\":\"ReadAction\",\"target\":[\"https:\/\/www.preprod.gmt-menuiseries.com\/3d-menuiserie\/qui-sommes-nous\/\"]}]},{\"@type\":\"BreadcrumbList\",\"@id\":\"https:\/\/www.preprod.gmt-menuiseries.com\/3d-menuiserie\/qui-sommes-nous\/#breadcrumb\",\"itemListElement\":[{\"@type\":\"ListItem\",\"position\":1,\"name\":\"Accueil\",\"item\":\"https:\/\/www.preprod.gmt-menuiseries.com\/3d-menuiserie\/\"},{\"@type\":\"ListItem\",\"position\":2,\"name\":\"Qui sommes-nous ?\"}]},{\"@type\":\"WebSite\",\"@id\":\"https:\/\/www.preprod.gmt-menuiseries.com\/3d-menuiserie\/#website\",\"url\":\"https:\/\/www.preprod.gmt-menuiseries.com\/3d-menuiserie\/\",\"name\":\"3D Menuiserie\",\"description\":\"Un site utilisant WordPress\",\"publisher\":{\"@id\":\"https:\/\/www.preprod.gmt-menuiseries.com\/3d-menuiserie\/#organization\"},\"potentialAction\":[{\"@type\":\"SearchAction\",\"target\":{\"@type\":\"EntryPoint\",\"urlTemplate\":\"https:\/\/www.preprod.gmt-menuiseries.com\/3d-menuiserie\/?s={search_term_string}\"},\"query-input\":{\"@type\":\"PropertyValueSpecification\",\"valueRequired\":true,\"valueName\":\"search_term_string\"}}],\"inLanguage\":\"fr-FR\"},{\"@type\":\"Organization\",\"@id\":\"https:\/\/www.preprod.gmt-menuiseries.com\/3d-menuiserie\/#organization\",\"name\":\"3D Menuiserie\",\"url\":\"https:\/\/www.preprod.gmt-menuiseries.com\/3d-menuiserie\/\",\"logo\":{\"@type\":\"ImageObject\",\"inLanguage\":\"fr-FR\",\"@id\":\"https:\/\/www.preprod.gmt-menuiseries.com\/3d-menuiserie\/#\/schema\/logo\/image\/\",\"url\":\"https:\/\/www.preprod.gmt-menuiseries.com\/wp-content\/uploads\/2025\/09\/Property-1logo-agence-3D.png\",\"contentUrl\":\"https:\/\/www.preprod.gmt-menuiseries.com\/wp-content\/uploads\/2025\/09\/Property-1logo-agence-3D.png\",\"width\":140,\"height\":96,\"caption\":\"3D Menuiserie\"},\"image\":{\"@id\":\"https:\/\/www.preprod.gmt-menuiseries.com\/3d-menuiserie\/#\/schema\/logo\/image\/\"}}]}<\/script>\n<!-- \/ Yoast SEO plugin. -->","yoast_head_json":{"title":"Qui sommes-nous ? - 3D Menuiserie","robots":{"index":"index","follow":"follow","max-snippet":"max-snippet:-1","max-image-preview":"max-image-preview:large","max-video-preview":"max-video-preview:-1"},"canonical":"https:\/\/www.preprod.gmt-menuiseries.com\/3d-menuiserie\/qui-sommes-nous\/","og_locale":"fr_FR","og_type":"article","og_title":"Qui sommes-nous ? - 3D Menuiserie","og_description":"GMT est un groupe de n\u00e9gociants ind\u00e9pendants menuisiers offrant aux particuliers comme aux professionnels une solution de produits de menuiseries destin\u00e9s \u00e0 l&rsquo;habitat collectif et individuel. Notre Groupement Menuisiers Tradition (GMT) compos\u00e9 de partenaires experts est pionnier sur ce march\u00e9 dans le secteur du Sud Ouest et Sud Est depuis sa cr\u00e9ation il y a...","og_url":"https:\/\/www.preprod.gmt-menuiseries.com\/3d-menuiserie\/qui-sommes-nous\/","og_site_name":"3D Menuiserie","article_modified_time":"2021-02-04T15:44:11+00:00","twitter_card":"summary_large_image","schema":{"@context":"https:\/\/schema.org","@graph":[{"@type":"WebPage","@id":"https:\/\/www.preprod.gmt-menuiseries.com\/3d-menuiserie\/qui-sommes-nous\/","url":"https:\/\/www.preprod.gmt-menuiseries.com\/3d-menuiserie\/qui-sommes-nous\/","name":"Qui sommes-nous ? - 3D Menuiserie","isPartOf":{"@id":"https:\/\/www.preprod.gmt-menuiseries.com\/3d-menuiserie\/#website"},"datePublished":"2020-02-26T11:34:04+00:00","dateModified":"2021-02-04T15:44:11+00:00","breadcrumb":{"@id":"https:\/\/www.preprod.gmt-menuiseries.com\/3d-menuiserie\/qui-sommes-nous\/#breadcrumb"},"inLanguage":"fr-FR","potentialAction":[{"@type":"ReadAction","target":["https:\/\/www.preprod.gmt-menuiseries.com\/3d-menuiserie\/qui-sommes-nous\/"]}]},{"@type":"BreadcrumbList","@id":"https:\/\/www.preprod.gmt-menuiseries.com\/3d-menuiserie\/qui-sommes-nous\/#breadcrumb","itemListElement":[{"@type":"ListItem","position":1,"name":"Accueil","item":"https:\/\/www.preprod.gmt-menuiseries.com\/3d-menuiserie\/"},{"@type":"ListItem","position":2,"name":"Qui sommes-nous ?"}]},{"@type":"WebSite","@id":"https:\/\/www.preprod.gmt-menuiseries.com\/3d-menuiserie\/#website","url":"https:\/\/www.preprod.gmt-menuiseries.com\/3d-menuiserie\/","name":"3D Menuiserie","description":"Un site utilisant WordPress","publisher":{"@id":"https:\/\/www.preprod.gmt-menuiseries.com\/3d-menuiserie\/#organization"},"potentialAction":[{"@type":"SearchAction","target":{"@type":"EntryPoint","urlTemplate":"https:\/\/www.preprod.gmt-menuiseries.com\/3d-menuiserie\/?s={search_term_string}"},"query-input":{"@type":"PropertyValueSpecification","valueRequired":true,"valueName":"search_term_string"}}],"inLanguage":"fr-FR"},{"@type":"Organization","@id":"https:\/\/www.preprod.gmt-menuiseries.com\/3d-menuiserie\/#organization","name":"3D Menuiserie","url":"https:\/\/www.preprod.gmt-menuiseries.com\/3d-menuiserie\/","logo":{"@type":"ImageObject","inLanguage":"fr-FR","@id":"https:\/\/www.preprod.gmt-menuiseries.com\/3d-menuiserie\/#\/schema\/logo\/image\/","url":"https:\/\/www.preprod.gmt-menuiseries.com\/wp-content\/uploads\/2025\/09\/Property-1logo-agence-3D.png","contentUrl":"https:\/\/www.preprod.gmt-menuiseries.com\/wp-content\/uploads\/2025\/09\/Property-1logo-agence-3D.png","width":140,"height":96,"caption":"3D Menuiserie"},"image":{"@id":"https:\/\/www.preprod.gmt-menuiseries.com\/3d-menuiserie\/#\/schema\/logo\/image\/"}}]}},"_links":{"self":[{"href":"https:\/\/www.preprod.gmt-menuiseries.com\/3d-menuiserie\/wp-json\/wp\/v2\/pages\/1393","targetHints":{"allow":["GET"]}}],"collection":[{"href":"https:\/\/www.preprod.gmt-menuiseries.com\/3d-menuiserie\/wp-json\/wp\/v2\/pages"}],"about":[{"href":"https:\/\/www.preprod.gmt-menuiseries.com\/3d-menuiserie\/wp-json\/wp\/v2\/types\/page"}],"author":[{"embeddable":true,"href":"https:\/\/www.preprod.gmt-menuiseries.com\/3d-menuiserie\/wp-json\/wp\/v2\/users\/1"}],"replies":[{"embeddable":true,"href":"https:\/\/www.preprod.gmt-menuiseries.com\/3d-menuiserie\/wp-json\/wp\/v2\/comments?post=1393"}],"version-history":[{"count":21,"href":"https:\/\/www.preprod.gmt-menuiseries.com\/3d-menuiserie\/wp-json\/wp\/v2\/pages\/1393\/revisions"}],"predecessor-version":[{"id":14673,"href":"https:\/\/www.preprod.gmt-menuiseries.com\/3d-menuiserie\/wp-json\/wp\/v2\/pages\/1393\/revisions\/14673"}],"wp:attachment":[{"href":"https:\/\/www.preprod.gmt-menuiseries.com\/3d-menuiserie\/wp-json\/wp\/v2\/media?parent=1393"}],"curies":[{"name":"wp","href":"https:\/\/api.w.org\/{rel}","templated":true}]}}