{"id":4719,"date":"2020-03-27T11:23:15","date_gmt":"2020-03-27T10:23:15","guid":{"rendered":"https:\/\/www.gmt-menuiseries.com\/menuiseries-antoine\/?post_type=product&#038;p=4719"},"modified":"2020-07-10T15:34:04","modified_gmt":"2020-07-10T13:34:04","slug":"porte-interieure-comete","status":"publish","type":"product","link":"https:\/\/www.preprod.gmt-menuiseries.com\/aubiere-boisson\/catalogue\/porte-d-interieur\/pose-fin-de-chantier\/p-porte-interieure-comete\/","title":{"rendered":"Porte d&rsquo;int\u00e9rieur Com\u00e8te"},"content":{"rendered":"","protected":false},"featured_media":10505,"template":"","product_tag":[10],"product_cat":[52,24],"material":[117,122],"class_list":["post-4719","product","type-product","status-publish","has-post-thumbnail","hentry","product_tag-made-in-france","product_cat-pose-fin-de-chantier","product_cat-porte-d-interieur"],"acf":[],"yoast_head":"<!-- This site is optimized with the Yoast SEO plugin v24.1 - https:\/\/yoast.com\/wordpress\/plugins\/seo\/ -->\n<title>Porte d&#039;int\u00e9rieur Com\u00e8te - Aubi\u00e8re Boisson<\/title>\n<meta name=\"robots\" content=\"index, follow, max-snippet:-1, max-image-preview:large, max-video-preview:-1\" \/>\n<link rel=\"canonical\" href=\"https:\/\/www.preprod.gmt-menuiseries.com\/aubiere-boisson\/catalogue\/porte-d-interieur\/pose-fin-de-chantier\/p-porte-interieure-comete\/\" \/>\n<meta property=\"og:locale\" content=\"fr_FR\" \/>\n<meta property=\"og:type\" content=\"article\" \/>\n<meta property=\"og:title\" content=\"Porte d&#039;int\u00e9rieur Com\u00e8te - Aubi\u00e8re Boisson\" \/>\n<meta property=\"og:url\" content=\"https:\/\/www.preprod.gmt-menuiseries.com\/aubiere-boisson\/catalogue\/porte-d-interieur\/pose-fin-de-chantier\/p-porte-interieure-comete\/\" \/>\n<meta property=\"og:site_name\" content=\"Aubi\u00e8re Boisson\" \/>\n<meta property=\"article:modified_time\" content=\"2020-07-10T13:34:04+00:00\" \/>\n<meta property=\"og:image\" content=\"https:\/\/www.preprod.gmt-menuiseries.com\/wp-content\/uploads\/2020\/03\/COMETE-HETRE-GRIS-GRANIT-scaled.jpg\" \/>\n\t<meta property=\"og:image:width\" content=\"1496\" \/>\n\t<meta property=\"og:image:height\" content=\"2560\" \/>\n\t<meta property=\"og:image:type\" content=\"image\/jpeg\" \/>\n<meta name=\"twitter:card\" content=\"summary_large_image\" \/>\n<script type=\"application\/ld+json\" class=\"yoast-schema-graph\">{\"@context\":\"https:\/\/schema.org\",\"@graph\":[{\"@type\":\"WebPage\",\"@id\":\"https:\/\/www.preprod.gmt-menuiseries.com\/aubiere-boisson\/catalogue\/porte-d-interieur\/pose-fin-de-chantier\/p-porte-interieure-comete\/\",\"url\":\"https:\/\/www.preprod.gmt-menuiseries.com\/aubiere-boisson\/catalogue\/porte-d-interieur\/pose-fin-de-chantier\/p-porte-interieure-comete\/\",\"name\":\"Porte d'int\u00e9rieur Com\u00e8te - Aubi\u00e8re Boisson\",\"isPartOf\":{\"@id\":\"https:\/\/www.preprod.gmt-menuiseries.com\/aubiere-boisson\/#website\"},\"primaryImageOfPage\":{\"@id\":\"https:\/\/www.preprod.gmt-menuiseries.com\/aubiere-boisson\/catalogue\/porte-d-interieur\/pose-fin-de-chantier\/p-porte-interieure-comete\/#primaryimage\"},\"image\":{\"@id\":\"https:\/\/www.preprod.gmt-menuiseries.com\/aubiere-boisson\/catalogue\/porte-d-interieur\/pose-fin-de-chantier\/p-porte-interieure-comete\/#primaryimage\"},\"thumbnailUrl\":\"https:\/\/www.preprod.gmt-menuiseries.com\/wp-content\/uploads\/2020\/03\/COMETE-HETRE-GRIS-GRANIT-scaled.jpg\",\"datePublished\":\"2020-03-27T10:23:15+00:00\",\"dateModified\":\"2020-07-10T13:34:04+00:00\",\"breadcrumb\":{\"@id\":\"https:\/\/www.preprod.gmt-menuiseries.com\/aubiere-boisson\/catalogue\/porte-d-interieur\/pose-fin-de-chantier\/p-porte-interieure-comete\/#breadcrumb\"},\"inLanguage\":\"fr-FR\",\"potentialAction\":[{\"@type\":\"ReadAction\",\"target\":[\"https:\/\/www.preprod.gmt-menuiseries.com\/aubiere-boisson\/catalogue\/porte-d-interieur\/pose-fin-de-chantier\/p-porte-interieure-comete\/\"]}]},{\"@type\":\"ImageObject\",\"inLanguage\":\"fr-FR\",\"@id\":\"https:\/\/www.preprod.gmt-menuiseries.com\/aubiere-boisson\/catalogue\/porte-d-interieur\/pose-fin-de-chantier\/p-porte-interieure-comete\/#primaryimage\",\"url\":\"https:\/\/www.preprod.gmt-menuiseries.com\/wp-content\/uploads\/2020\/03\/COMETE-HETRE-GRIS-GRANIT-scaled.jpg\",\"contentUrl\":\"https:\/\/www.preprod.gmt-menuiseries.com\/wp-content\/uploads\/2020\/03\/COMETE-HETRE-GRIS-GRANIT-scaled.jpg\",\"width\":1496,\"height\":2560},{\"@type\":\"BreadcrumbList\",\"@id\":\"https:\/\/www.preprod.gmt-menuiseries.com\/aubiere-boisson\/catalogue\/porte-d-interieur\/pose-fin-de-chantier\/p-porte-interieure-comete\/#breadcrumb\",\"itemListElement\":[{\"@type\":\"ListItem\",\"position\":1,\"name\":\"Accueil\",\"item\":\"https:\/\/www.preprod.gmt-menuiseries.com\/aubiere-boisson\/\"},{\"@type\":\"ListItem\",\"position\":2,\"name\":\"produits\",\"item\":\"https:\/\/www.preprod.gmt-menuiseries.com\/aubiere-boisson\/catalogue\/\"},{\"@type\":\"ListItem\",\"position\":3,\"name\":\"Porte d'int\u00e9rieur\",\"item\":\"https:\/\/www.preprod.gmt-menuiseries.com\/aubiere-boisson\/catalogue\/porte-d-interieur\/\"},{\"@type\":\"ListItem\",\"position\":4,\"name\":\"Pose fin de chantier\",\"item\":\"https:\/\/www.preprod.gmt-menuiseries.com\/aubiere-boisson\/catalogue\/porte-d-interieur\/pose-fin-de-chantier\/\"},{\"@type\":\"ListItem\",\"position\":5,\"name\":\"Porte d&rsquo;int\u00e9rieur Com\u00e8te\"}]},{\"@type\":\"WebSite\",\"@id\":\"https:\/\/www.preprod.gmt-menuiseries.com\/aubiere-boisson\/#website\",\"url\":\"https:\/\/www.preprod.gmt-menuiseries.com\/aubiere-boisson\/\",\"name\":\"Aubi\u00e8re Boisson\",\"description\":\"Un site utilisant WordPress\",\"publisher\":{\"@id\":\"https:\/\/www.preprod.gmt-menuiseries.com\/aubiere-boisson\/#organization\"},\"potentialAction\":[{\"@type\":\"SearchAction\",\"target\":{\"@type\":\"EntryPoint\",\"urlTemplate\":\"https:\/\/www.preprod.gmt-menuiseries.com\/aubiere-boisson\/?s={search_term_string}\"},\"query-input\":{\"@type\":\"PropertyValueSpecification\",\"valueRequired\":true,\"valueName\":\"search_term_string\"}}],\"inLanguage\":\"fr-FR\"},{\"@type\":\"Organization\",\"@id\":\"https:\/\/www.preprod.gmt-menuiseries.com\/aubiere-boisson\/#organization\",\"name\":\"Aubi\u00e8re Boisson\",\"url\":\"https:\/\/www.preprod.gmt-menuiseries.com\/aubiere-boisson\/\",\"logo\":{\"@type\":\"ImageObject\",\"inLanguage\":\"fr-FR\",\"@id\":\"https:\/\/www.preprod.gmt-menuiseries.com\/aubiere-boisson\/#\/schema\/logo\/image\/\",\"url\":\"https:\/\/www.preprod.gmt-menuiseries.com\/wp-content\/uploads\/2025\/09\/Property-1logo-agence-aubiereboisson-1.png\",\"contentUrl\":\"https:\/\/www.preprod.gmt-menuiseries.com\/wp-content\/uploads\/2025\/09\/Property-1logo-agence-aubiereboisson-1.png\",\"width\":140,\"height\":96,\"caption\":\"Aubi\u00e8re Boisson\"},\"image\":{\"@id\":\"https:\/\/www.preprod.gmt-menuiseries.com\/aubiere-boisson\/#\/schema\/logo\/image\/\"}}]}<\/script>\n<!-- \/ Yoast SEO plugin. -->","yoast_head_json":{"title":"Porte d'int\u00e9rieur Com\u00e8te - Aubi\u00e8re Boisson","robots":{"index":"index","follow":"follow","max-snippet":"max-snippet:-1","max-image-preview":"max-image-preview:large","max-video-preview":"max-video-preview:-1"},"canonical":"https:\/\/www.preprod.gmt-menuiseries.com\/aubiere-boisson\/catalogue\/porte-d-interieur\/pose-fin-de-chantier\/p-porte-interieure-comete\/","og_locale":"fr_FR","og_type":"article","og_title":"Porte d'int\u00e9rieur Com\u00e8te - Aubi\u00e8re Boisson","og_url":"https:\/\/www.preprod.gmt-menuiseries.com\/aubiere-boisson\/catalogue\/porte-d-interieur\/pose-fin-de-chantier\/p-porte-interieure-comete\/","og_site_name":"Aubi\u00e8re Boisson","article_modified_time":"2020-07-10T13:34:04+00:00","og_image":[{"width":1496,"height":2560,"url":"https:\/\/www.preprod.gmt-menuiseries.com\/wp-content\/uploads\/2020\/03\/COMETE-HETRE-GRIS-GRANIT-scaled.jpg","type":"image\/jpeg"}],"twitter_card":"summary_large_image","schema":{"@context":"https:\/\/schema.org","@graph":[{"@type":"WebPage","@id":"https:\/\/www.preprod.gmt-menuiseries.com\/aubiere-boisson\/catalogue\/porte-d-interieur\/pose-fin-de-chantier\/p-porte-interieure-comete\/","url":"https:\/\/www.preprod.gmt-menuiseries.com\/aubiere-boisson\/catalogue\/porte-d-interieur\/pose-fin-de-chantier\/p-porte-interieure-comete\/","name":"Porte d'int\u00e9rieur Com\u00e8te - Aubi\u00e8re Boisson","isPartOf":{"@id":"https:\/\/www.preprod.gmt-menuiseries.com\/aubiere-boisson\/#website"},"primaryImageOfPage":{"@id":"https:\/\/www.preprod.gmt-menuiseries.com\/aubiere-boisson\/catalogue\/porte-d-interieur\/pose-fin-de-chantier\/p-porte-interieure-comete\/#primaryimage"},"image":{"@id":"https:\/\/www.preprod.gmt-menuiseries.com\/aubiere-boisson\/catalogue\/porte-d-interieur\/pose-fin-de-chantier\/p-porte-interieure-comete\/#primaryimage"},"thumbnailUrl":"https:\/\/www.preprod.gmt-menuiseries.com\/wp-content\/uploads\/2020\/03\/COMETE-HETRE-GRIS-GRANIT-scaled.jpg","datePublished":"2020-03-27T10:23:15+00:00","dateModified":"2020-07-10T13:34:04+00:00","breadcrumb":{"@id":"https:\/\/www.preprod.gmt-menuiseries.com\/aubiere-boisson\/catalogue\/porte-d-interieur\/pose-fin-de-chantier\/p-porte-interieure-comete\/#breadcrumb"},"inLanguage":"fr-FR","potentialAction":[{"@type":"ReadAction","target":["https:\/\/www.preprod.gmt-menuiseries.com\/aubiere-boisson\/catalogue\/porte-d-interieur\/pose-fin-de-chantier\/p-porte-interieure-comete\/"]}]},{"@type":"ImageObject","inLanguage":"fr-FR","@id":"https:\/\/www.preprod.gmt-menuiseries.com\/aubiere-boisson\/catalogue\/porte-d-interieur\/pose-fin-de-chantier\/p-porte-interieure-comete\/#primaryimage","url":"https:\/\/www.preprod.gmt-menuiseries.com\/wp-content\/uploads\/2020\/03\/COMETE-HETRE-GRIS-GRANIT-scaled.jpg","contentUrl":"https:\/\/www.preprod.gmt-menuiseries.com\/wp-content\/uploads\/2020\/03\/COMETE-HETRE-GRIS-GRANIT-scaled.jpg","width":1496,"height":2560},{"@type":"BreadcrumbList","@id":"https:\/\/www.preprod.gmt-menuiseries.com\/aubiere-boisson\/catalogue\/porte-d-interieur\/pose-fin-de-chantier\/p-porte-interieure-comete\/#breadcrumb","itemListElement":[{"@type":"ListItem","position":1,"name":"Accueil","item":"https:\/\/www.preprod.gmt-menuiseries.com\/aubiere-boisson\/"},{"@type":"ListItem","position":2,"name":"produits","item":"https:\/\/www.preprod.gmt-menuiseries.com\/aubiere-boisson\/catalogue\/"},{"@type":"ListItem","position":3,"name":"Porte d'int\u00e9rieur","item":"https:\/\/www.preprod.gmt-menuiseries.com\/aubiere-boisson\/catalogue\/porte-d-interieur\/"},{"@type":"ListItem","position":4,"name":"Pose fin de chantier","item":"https:\/\/www.preprod.gmt-menuiseries.com\/aubiere-boisson\/catalogue\/porte-d-interieur\/pose-fin-de-chantier\/"},{"@type":"ListItem","position":5,"name":"Porte d&rsquo;int\u00e9rieur Com\u00e8te"}]},{"@type":"WebSite","@id":"https:\/\/www.preprod.gmt-menuiseries.com\/aubiere-boisson\/#website","url":"https:\/\/www.preprod.gmt-menuiseries.com\/aubiere-boisson\/","name":"Aubi\u00e8re Boisson","description":"Un site utilisant WordPress","publisher":{"@id":"https:\/\/www.preprod.gmt-menuiseries.com\/aubiere-boisson\/#organization"},"potentialAction":[{"@type":"SearchAction","target":{"@type":"EntryPoint","urlTemplate":"https:\/\/www.preprod.gmt-menuiseries.com\/aubiere-boisson\/?s={search_term_string}"},"query-input":{"@type":"PropertyValueSpecification","valueRequired":true,"valueName":"search_term_string"}}],"inLanguage":"fr-FR"},{"@type":"Organization","@id":"https:\/\/www.preprod.gmt-menuiseries.com\/aubiere-boisson\/#organization","name":"Aubi\u00e8re Boisson","url":"https:\/\/www.preprod.gmt-menuiseries.com\/aubiere-boisson\/","logo":{"@type":"ImageObject","inLanguage":"fr-FR","@id":"https:\/\/www.preprod.gmt-menuiseries.com\/aubiere-boisson\/#\/schema\/logo\/image\/","url":"https:\/\/www.preprod.gmt-menuiseries.com\/wp-content\/uploads\/2025\/09\/Property-1logo-agence-aubiereboisson-1.png","contentUrl":"https:\/\/www.preprod.gmt-menuiseries.com\/wp-content\/uploads\/2025\/09\/Property-1logo-agence-aubiereboisson-1.png","width":140,"height":96,"caption":"Aubi\u00e8re Boisson"},"image":{"@id":"https:\/\/www.preprod.gmt-menuiseries.com\/aubiere-boisson\/#\/schema\/logo\/image\/"}}]}},"_links":{"self":[{"href":"https:\/\/www.preprod.gmt-menuiseries.com\/aubiere-boisson\/wp-json\/wp\/v2\/product\/4719","targetHints":{"allow":["GET"]}}],"collection":[{"href":"https:\/\/www.preprod.gmt-menuiseries.com\/aubiere-boisson\/wp-json\/wp\/v2\/product"}],"about":[{"href":"https:\/\/www.preprod.gmt-menuiseries.com\/aubiere-boisson\/wp-json\/wp\/v2\/types\/product"}],"wp:featuredmedia":[{"embeddable":true,"href":"https:\/\/www.preprod.gmt-menuiseries.com\/aubiere-boisson\/wp-json\/wp\/v2\/media\/10505"}],"wp:attachment":[{"href":"https:\/\/www.preprod.gmt-menuiseries.com\/aubiere-boisson\/wp-json\/wp\/v2\/media?parent=4719"}],"wp:term":[{"taxonomy":"product_tag","embeddable":true,"href":"https:\/\/www.preprod.gmt-menuiseries.com\/aubiere-boisson\/wp-json\/wp\/v2\/product_tag?post=4719"},{"taxonomy":"product_cat","embeddable":true,"href":"https:\/\/www.preprod.gmt-menuiseries.com\/aubiere-boisson\/wp-json\/wp\/v2\/product_cat?post=4719"},{"taxonomy":"material","embeddable":true,"href":"https:\/\/www.preprod.gmt-menuiseries.com\/aubiere-boisson\/wp-json\/wp\/v2\/material?post=4719"}],"curies":[{"name":"wp","href":"https:\/\/api.w.org\/{rel}","templated":true}]}}