{"id":13970,"date":"2025-08-19T10:04:28","date_gmt":"2025-08-19T08:04:28","guid":{"rendered":"https:\/\/www.preprod.gmt-menuiseries.com\/menuiseries-antoine\/?page_id=13970"},"modified":"2025-09-12T16:32:10","modified_gmt":"2025-09-12T14:32:10","slug":"conditions-generales-vente","status":"publish","type":"page","link":"https:\/\/www.preprod.gmt-menuiseries.com\/funirey-menuiseries\/conditions-generales-vente\/","title":{"rendered":"Conditions g\u00e9n\u00e9rales de vente"},"content":{"rendered":"<h1>CONDITIONS G\u00c9N\u00c9RALES DE VENTE ET DE REGLEMENT<\/h1>\n<p>L&rsquo;acceptation de nos offres implique l&rsquo;adh\u00e9sion \u00e0 nos conditions g\u00e9n\u00e9rales de vente et de r\u00e8glement ci-apr\u00e8s, lesquelles pr\u00e9valent sur toutes conditions d&rsquo;achat, sauf d\u00e9rogation \u00e9crite et expresse de notre part.<\/p>\n<p><strong>1 &#8211; CLAUSE \u00c9CONOMIQUE<\/strong><\/p>\n<p>Nos menuiseries sont vendues selon les conditions \u00e9conomiques connues \u00e0 la date de l&rsquo;\u00e9tablissement du devis. Ces prix sont fermes pendant le d\u00e9lai indiqu\u00e9 sur le devis. Au-del\u00e0, ils sont actualisables et r\u00e9visables en fonction de l&rsquo;\u00e9volution des indices BT appropri\u00e9s. Les commandes et les engagements ne constituent que des offres qui ne deviendront d\u00e9finitives qu&rsquo;apr\u00e8s confirmation de notre part.<\/p>\n<p><strong>2 &#8211; CLAUSE DE D\u00c9LAI ET EXP\u00c9DITION<\/strong><\/p>\n<p>Nous nous effor\u00e7ons de respecter les d\u00e9lais indiqu\u00e9s : ceux-ci ne sont donn\u00e9s qu&rsquo;\u00e0 titre indicatif, et le retard ne peut en aucun cas \u00eatre invoqu\u00e9 comme cause d&rsquo;annulation de la commande et ne donne droit \u00e0 aucune indemnit\u00e9. Les marchandises voyagent aux risques et p\u00e9rils du destinataire, m\u00eame si elles sont exp\u00e9di\u00e9es franco.<\/p>\n<p><strong>3 &#8211; CLAUSES DE PAIEMENT<\/strong><\/p>\n<p><strong>3.1. G\u00e9n\u00e9rales<\/strong><\/p>\n<p>Nos menuiseries \u00e9tant fabriqu\u00e9es exclusivement sur commande, le paiement des fournitures s&rsquo;effectue suivant les conditions particuli\u00e8res indiqu\u00e9es. Dans le cas d&rsquo;atteinte grave au cr\u00e9dit de l&rsquo;acheteur, en cas de faillite, liquidation judiciaire, ou \u00e0 d\u00e9faut de paiement \u00e0 son \u00e9ch\u00e9ance d&rsquo;une pr\u00e9c\u00e9dente facture, nous nous r\u00e9servons de ne poursuivre l&rsquo;ex\u00e9cution d&rsquo;une commande qu&rsquo;apr\u00e8s fourniture par l&rsquo;acheteur de garanties compl\u00e9mentaires accept\u00e9es par nos soins.<\/p>\n<p><strong>3.2. Conditions d&rsquo;escompte<\/strong><\/p>\n<p>En cas de paiement \u00e0 une date ant\u00e9rieure \u00e0 celle r\u00e9sultant des conditions g\u00e9n\u00e9rales ou particuli\u00e8res de vente, il n&rsquo;est pr\u00e9vu aucun escompte, sauf accord n\u00e9goci\u00e9 express\u00e9ment lors de la commande.<\/p>\n<p><strong>3.3. P\u00e9nalit\u00e9s de retard (Loi n\u00b0 92-1442 du 31 d\u00e9cembre 1992)<\/strong><\/p>\n<p>Tout d\u00e9faut de paiement \u00e0 la date de r\u00e8glement figurant sur la facture entra\u00eenera une p\u00e9nalit\u00e9 calcul\u00e9e par application d&rsquo;un taux \u00e9gal \u00e0 une fois et demie le taux de l&rsquo;int\u00e9r\u00eat l\u00e9gal.<\/p>\n<p><strong>4 &#8211; CLAUSES DE R\u00c9SERVE DE PROPRI\u00c9T\u00c9 ET DE RENONCIATION A L&rsquo;ACCESSION<\/strong><\/p>\n<p><strong>4.1. R\u00e9serve de propri\u00e9t\u00e9<\/strong><\/p>\n<p>Il est express\u00e9ment convenu que les marchandises demeureront la propri\u00e9t\u00e9 de notre Soci\u00e9t\u00e9 jusqu&rsquo;au paiement int\u00e9gral de leur prix, en principal et int\u00e9r\u00eats. A d\u00e9faut de paiement \u00e0 l&rsquo;\u00e9ch\u00e9ance, comme dans les cas de r\u00e8glement judiciaire ou de liquidation de biens, la d\u00e9cision de notre Soci\u00e9t\u00e9 de se pr\u00e9valoir de la pr\u00e9sente clause de r\u00e9serve de propri\u00e9t\u00e9 sera valablement notifi\u00e9e \u00e0 l&rsquo;acheteur par lettre recommand\u00e9e avec accus\u00e9 de r\u00e9ception. Les marchandises concern\u00e9es devront nous \u00eatre retourn\u00e9es \u00e0 ses frais, d\u00e8s cette notification.<\/p>\n<p><strong>4.2. Renonciation \u00e0 l&rsquo;accession<\/strong><\/p>\n<p>Lorsque notre Soci\u00e9t\u00e9 intervient dans le cadre d&rsquo;un contrat d&rsquo;entreprise, nonobstant les articles 551 et 552 du Code Civil, elle demeure propri\u00e9taire de l&rsquo;ouvrage ex\u00e9cut\u00e9 jusqu&rsquo;\u00e0 l&rsquo;entier paiement de sa cr\u00e9ance n\u00e9e du march\u00e9 des travaux. La renonciation \u00e0 l&rsquo;accession ne fait pas obstacle \u00e0 la prise de possession de l&rsquo;ouvrage ex\u00e9cut\u00e9. Les pr\u00e9sentes dispositions ne modifient pas nos obligations telles que fix\u00e9es aux articles 1788, 1792 et suivants et 2270 du Code Civil.<\/p>\n<p><strong>5 &#8211; CLAUSES DE GARANTIE<\/strong><\/p>\n<p><strong>5.1. Garantie l\u00e9gale<\/strong><\/p>\n<p>Dans nos rapports avec les acheteurs non professionnels ou consommateurs la garantie l\u00e9gale concernant les d\u00e9fauts et vices cach\u00e9s s&rsquo;applique en tout \u00e9tat de cause conform\u00e9ment aux articles 1641 et suivants du Code Civil \u00e0 la condition que l&rsquo;acheteur fasse la preuve du vice cach\u00e9.<\/p>\n<p><strong>5.2. Garantie contractuelle<\/strong><\/p>\n<p>Nos menuiseries font l&rsquo;objet d&rsquo;une garantie de deux ans \u00e0 compter de la livraison, sauf dans les cas de n\u00e9gligence, fausse man\u0153uvre ou mauvais entretien de la part de l&rsquo;acheteur ou encore en cas de force majeure. Cette garantie est strictement limit\u00e9e \u00e0 l&rsquo;\u00e9change pur et simple en nos ateliers des pi\u00e8ces reconnues d\u00e9fectueuses, sans indemnit\u00e9 d&rsquo;aucune sorte pour frais de main d&rsquo;\u0153uvre de d\u00e9montage, remontage, immobilisation, etc. Le remplacement des pi\u00e8ces n&rsquo;a pas pour cons\u00e9quence de prolonger la dur\u00e9e de garantie pr\u00e9cis\u00e9e au paragraphe ci-dessus.<\/p>\n<p><strong>6 &#8211; TRAVAUX AVEC POSES OU R\u00c9PARATIONS<\/strong><\/p>\n<p>Sauf convention contraire, le camionnage est \u00e0 la charge de l&rsquo;acheteur, qui assure la r\u00e9ception, la v\u00e9rification des colis et la bonne conservation des fournitures. L&rsquo;acheteur est tenu &#8211; sauf stipulations contraires &#8211; d&rsquo;assurer, \u00e0 sa charge, tous travaux de ma\u00e7onnerie, menuiserie, peinture et travaux annexes. Les retouches n\u00e9cessit\u00e9es par la disposition non conforme des ouvertures ne peuvent en aucun cas \u00eatre \u00e0 notre charge. L&rsquo;ouverture et le d\u00e9montage des caissons et, d&rsquo;une mani\u00e8re g\u00e9n\u00e9rale tous travaux conditionnant l&rsquo;ex\u00e9cution de la pose et ressortant d&rsquo;une autre corporation, ne sont pas \u00e0 notre charge, nos monteurs n&rsquo;\u00e9tant pas qualifi\u00e9s pour les ex\u00e9cuter. Les pertes de temps ou fausses man\u0153uvres provenant de causes ind\u00e9pendantes de notre volont\u00e9 ne sont pas \u00e0 notre charge et seront factur\u00e9es en suppl\u00e9ment. Le paiement de la pose est ind\u00e9pendant de celui de la fourniture et ne peut en aucun cas entra\u00eener de retard dans le paiement de cette derni\u00e8re. La r\u00e9ception g\u00e9n\u00e9rale et d\u00e9finitive des travaux de pose est faite par l&rsquo;acheteur ou son repr\u00e9sentant, avant le d\u00e9part du monteur, et en pr\u00e9sence de celui-ci. Aucune r\u00e9clamation ne peut \u00eatre admise ult\u00e9rieurement. Les conditions de pose ci-dessus s&rsquo;appliquent \u00e9galement \u00e0 tous travaux d&rsquo;entretien et de r\u00e9paration.<\/p>\n<p><strong>7 &#8211; CLAUSE ATTRIBUTIVE DE JURIDICTION<\/strong><\/p>\n<p>En cas de contestation, et m\u00eame en cas d&rsquo;appel en garantie ou de pluralit\u00e9 de d\u00e9fendeurs, seul le Tribunal de Perpignan sera comp\u00e9tent, nonobstant toute clause contraire imprim\u00e9e dans les bons de commande des acheteurs, notre Soci\u00e9t\u00e9 se r\u00e9servant le droit de saisir les juridictions comp\u00e9tentes du domicile de ces derniers.<\/p>\n","protected":false},"excerpt":{"rendered":"<p>CONDITIONS G\u00c9N\u00c9RALES DE VENTE ET DE REGLEMENT L&rsquo;acceptation de nos offres implique l&rsquo;adh\u00e9sion \u00e0 nos conditions g\u00e9n\u00e9rales de vente et de r\u00e8glement ci-apr\u00e8s, lesquelles pr\u00e9valent sur toutes conditions d&rsquo;achat, sauf d\u00e9rogation \u00e9crite et expresse de notre part. 1 &#8211; CLAUSE \u00c9CONOMIQUE Nos menuiseries sont vendues selon les conditions \u00e9conomiques connues \u00e0 la date de l&rsquo;\u00e9tablissement&#8230;<\/p>\n","protected":false},"author":16,"featured_media":0,"parent":0,"menu_order":0,"comment_status":"closed","ping_status":"closed","template":"","meta":{"footnotes":""},"class_list":["post-13970","page","type-page","status-publish","hentry"],"acf":[],"yoast_head":"<!-- This site is optimized with the Yoast SEO plugin v24.1 - https:\/\/yoast.com\/wordpress\/plugins\/seo\/ -->\n<title>Conditions g\u00e9n\u00e9rales de vente - Funirey Menuiseries<\/title>\n<meta name=\"robots\" content=\"index, follow, max-snippet:-1, max-image-preview:large, max-video-preview:-1\" \/>\n<link rel=\"canonical\" href=\"https:\/\/www.preprod.gmt-menuiseries.com\/funirey-menuiseries\/conditions-generales-vente\/\" \/>\n<meta property=\"og:locale\" content=\"fr_FR\" \/>\n<meta property=\"og:type\" content=\"article\" \/>\n<meta property=\"og:title\" content=\"Conditions g\u00e9n\u00e9rales de vente - Funirey Menuiseries\" \/>\n<meta property=\"og:description\" content=\"CONDITIONS G\u00c9N\u00c9RALES DE VENTE ET DE REGLEMENT L&rsquo;acceptation de nos offres implique l&rsquo;adh\u00e9sion \u00e0 nos conditions g\u00e9n\u00e9rales de vente et de r\u00e8glement ci-apr\u00e8s, lesquelles pr\u00e9valent sur toutes conditions d&rsquo;achat, sauf d\u00e9rogation \u00e9crite et expresse de notre part. 1 &#8211; CLAUSE \u00c9CONOMIQUE Nos menuiseries sont vendues selon les conditions \u00e9conomiques connues \u00e0 la date de l&rsquo;\u00e9tablissement...\" \/>\n<meta property=\"og:url\" content=\"https:\/\/www.preprod.gmt-menuiseries.com\/funirey-menuiseries\/conditions-generales-vente\/\" \/>\n<meta property=\"og:site_name\" content=\"Funirey Menuiseries\" \/>\n<meta property=\"article:modified_time\" content=\"2025-09-12T14:32:10+00:00\" \/>\n<meta name=\"twitter:card\" content=\"summary_large_image\" \/>\n<meta name=\"twitter:label1\" content=\"Dur\u00e9e de lecture estim\u00e9e\" \/>\n\t<meta name=\"twitter:data1\" content=\"19 minutes\" \/>\n<script type=\"application\/ld+json\" class=\"yoast-schema-graph\">{\"@context\":\"https:\/\/schema.org\",\"@graph\":[{\"@type\":\"WebPage\",\"@id\":\"https:\/\/www.preprod.gmt-menuiseries.com\/funirey-menuiseries\/conditions-generales-vente\/\",\"url\":\"https:\/\/www.preprod.gmt-menuiseries.com\/funirey-menuiseries\/conditions-generales-vente\/\",\"name\":\"Conditions g\u00e9n\u00e9rales de vente - Funirey Menuiseries\",\"isPartOf\":{\"@id\":\"https:\/\/www.preprod.gmt-menuiseries.com\/funirey-menuiseries\/#website\"},\"datePublished\":\"2025-08-19T08:04:28+00:00\",\"dateModified\":\"2025-09-12T14:32:10+00:00\",\"breadcrumb\":{\"@id\":\"https:\/\/www.preprod.gmt-menuiseries.com\/funirey-menuiseries\/conditions-generales-vente\/#breadcrumb\"},\"inLanguage\":\"fr-FR\",\"potentialAction\":[{\"@type\":\"ReadAction\",\"target\":[\"https:\/\/www.preprod.gmt-menuiseries.com\/funirey-menuiseries\/conditions-generales-vente\/\"]}]},{\"@type\":\"BreadcrumbList\",\"@id\":\"https:\/\/www.preprod.gmt-menuiseries.com\/funirey-menuiseries\/conditions-generales-vente\/#breadcrumb\",\"itemListElement\":[{\"@type\":\"ListItem\",\"position\":1,\"name\":\"Accueil\",\"item\":\"https:\/\/www.preprod.gmt-menuiseries.com\/funirey-menuiseries\/\"},{\"@type\":\"ListItem\",\"position\":2,\"name\":\"Conditions g\u00e9n\u00e9rales de vente\"}]},{\"@type\":\"WebSite\",\"@id\":\"https:\/\/www.preprod.gmt-menuiseries.com\/funirey-menuiseries\/#website\",\"url\":\"https:\/\/www.preprod.gmt-menuiseries.com\/funirey-menuiseries\/\",\"name\":\"Funirey Menuiseries\",\"description\":\"Un site utilisant WordPress\",\"publisher\":{\"@id\":\"https:\/\/www.preprod.gmt-menuiseries.com\/funirey-menuiseries\/#organization\"},\"potentialAction\":[{\"@type\":\"SearchAction\",\"target\":{\"@type\":\"EntryPoint\",\"urlTemplate\":\"https:\/\/www.preprod.gmt-menuiseries.com\/funirey-menuiseries\/?s={search_term_string}\"},\"query-input\":{\"@type\":\"PropertyValueSpecification\",\"valueRequired\":true,\"valueName\":\"search_term_string\"}}],\"inLanguage\":\"fr-FR\"},{\"@type\":\"Organization\",\"@id\":\"https:\/\/www.preprod.gmt-menuiseries.com\/funirey-menuiseries\/#organization\",\"name\":\"Funirey Menuiseries\",\"url\":\"https:\/\/www.preprod.gmt-menuiseries.com\/funirey-menuiseries\/\",\"logo\":{\"@type\":\"ImageObject\",\"inLanguage\":\"fr-FR\",\"@id\":\"https:\/\/www.preprod.gmt-menuiseries.com\/funirey-menuiseries\/#\/schema\/logo\/image\/\",\"url\":\"https:\/\/www.preprod.gmt-menuiseries.com\/wp-content\/uploads\/2025\/09\/Property-1logo-agence-funirey-2.png\",\"contentUrl\":\"https:\/\/www.preprod.gmt-menuiseries.com\/wp-content\/uploads\/2025\/09\/Property-1logo-agence-funirey-2.png\",\"width\":140,\"height\":96,\"caption\":\"Funirey Menuiseries\"},\"image\":{\"@id\":\"https:\/\/www.preprod.gmt-menuiseries.com\/funirey-menuiseries\/#\/schema\/logo\/image\/\"}}]}<\/script>\n<!-- \/ Yoast SEO plugin. -->","yoast_head_json":{"title":"Conditions g\u00e9n\u00e9rales de vente - Funirey Menuiseries","robots":{"index":"index","follow":"follow","max-snippet":"max-snippet:-1","max-image-preview":"max-image-preview:large","max-video-preview":"max-video-preview:-1"},"canonical":"https:\/\/www.preprod.gmt-menuiseries.com\/funirey-menuiseries\/conditions-generales-vente\/","og_locale":"fr_FR","og_type":"article","og_title":"Conditions g\u00e9n\u00e9rales de vente - Funirey Menuiseries","og_description":"CONDITIONS G\u00c9N\u00c9RALES DE VENTE ET DE REGLEMENT L&rsquo;acceptation de nos offres implique l&rsquo;adh\u00e9sion \u00e0 nos conditions g\u00e9n\u00e9rales de vente et de r\u00e8glement ci-apr\u00e8s, lesquelles pr\u00e9valent sur toutes conditions d&rsquo;achat, sauf d\u00e9rogation \u00e9crite et expresse de notre part. 1 &#8211; CLAUSE \u00c9CONOMIQUE Nos menuiseries sont vendues selon les conditions \u00e9conomiques connues \u00e0 la date de l&rsquo;\u00e9tablissement...","og_url":"https:\/\/www.preprod.gmt-menuiseries.com\/funirey-menuiseries\/conditions-generales-vente\/","og_site_name":"Funirey Menuiseries","article_modified_time":"2025-09-12T14:32:10+00:00","twitter_card":"summary_large_image","twitter_misc":{"Dur\u00e9e de lecture estim\u00e9e":"19 minutes"},"schema":{"@context":"https:\/\/schema.org","@graph":[{"@type":"WebPage","@id":"https:\/\/www.preprod.gmt-menuiseries.com\/funirey-menuiseries\/conditions-generales-vente\/","url":"https:\/\/www.preprod.gmt-menuiseries.com\/funirey-menuiseries\/conditions-generales-vente\/","name":"Conditions g\u00e9n\u00e9rales de vente - Funirey Menuiseries","isPartOf":{"@id":"https:\/\/www.preprod.gmt-menuiseries.com\/funirey-menuiseries\/#website"},"datePublished":"2025-08-19T08:04:28+00:00","dateModified":"2025-09-12T14:32:10+00:00","breadcrumb":{"@id":"https:\/\/www.preprod.gmt-menuiseries.com\/funirey-menuiseries\/conditions-generales-vente\/#breadcrumb"},"inLanguage":"fr-FR","potentialAction":[{"@type":"ReadAction","target":["https:\/\/www.preprod.gmt-menuiseries.com\/funirey-menuiseries\/conditions-generales-vente\/"]}]},{"@type":"BreadcrumbList","@id":"https:\/\/www.preprod.gmt-menuiseries.com\/funirey-menuiseries\/conditions-generales-vente\/#breadcrumb","itemListElement":[{"@type":"ListItem","position":1,"name":"Accueil","item":"https:\/\/www.preprod.gmt-menuiseries.com\/funirey-menuiseries\/"},{"@type":"ListItem","position":2,"name":"Conditions g\u00e9n\u00e9rales de vente"}]},{"@type":"WebSite","@id":"https:\/\/www.preprod.gmt-menuiseries.com\/funirey-menuiseries\/#website","url":"https:\/\/www.preprod.gmt-menuiseries.com\/funirey-menuiseries\/","name":"Funirey Menuiseries","description":"Un site utilisant WordPress","publisher":{"@id":"https:\/\/www.preprod.gmt-menuiseries.com\/funirey-menuiseries\/#organization"},"potentialAction":[{"@type":"SearchAction","target":{"@type":"EntryPoint","urlTemplate":"https:\/\/www.preprod.gmt-menuiseries.com\/funirey-menuiseries\/?s={search_term_string}"},"query-input":{"@type":"PropertyValueSpecification","valueRequired":true,"valueName":"search_term_string"}}],"inLanguage":"fr-FR"},{"@type":"Organization","@id":"https:\/\/www.preprod.gmt-menuiseries.com\/funirey-menuiseries\/#organization","name":"Funirey Menuiseries","url":"https:\/\/www.preprod.gmt-menuiseries.com\/funirey-menuiseries\/","logo":{"@type":"ImageObject","inLanguage":"fr-FR","@id":"https:\/\/www.preprod.gmt-menuiseries.com\/funirey-menuiseries\/#\/schema\/logo\/image\/","url":"https:\/\/www.preprod.gmt-menuiseries.com\/wp-content\/uploads\/2025\/09\/Property-1logo-agence-funirey-2.png","contentUrl":"https:\/\/www.preprod.gmt-menuiseries.com\/wp-content\/uploads\/2025\/09\/Property-1logo-agence-funirey-2.png","width":140,"height":96,"caption":"Funirey Menuiseries"},"image":{"@id":"https:\/\/www.preprod.gmt-menuiseries.com\/funirey-menuiseries\/#\/schema\/logo\/image\/"}}]}},"_links":{"self":[{"href":"https:\/\/www.preprod.gmt-menuiseries.com\/funirey-menuiseries\/wp-json\/wp\/v2\/pages\/13970","targetHints":{"allow":["GET"]}}],"collection":[{"href":"https:\/\/www.preprod.gmt-menuiseries.com\/funirey-menuiseries\/wp-json\/wp\/v2\/pages"}],"about":[{"href":"https:\/\/www.preprod.gmt-menuiseries.com\/funirey-menuiseries\/wp-json\/wp\/v2\/types\/page"}],"author":[{"embeddable":true,"href":"https:\/\/www.preprod.gmt-menuiseries.com\/funirey-menuiseries\/wp-json\/wp\/v2\/users\/16"}],"replies":[{"embeddable":true,"href":"https:\/\/www.preprod.gmt-menuiseries.com\/funirey-menuiseries\/wp-json\/wp\/v2\/comments?post=13970"}],"version-history":[{"count":2,"href":"https:\/\/www.preprod.gmt-menuiseries.com\/funirey-menuiseries\/wp-json\/wp\/v2\/pages\/13970\/revisions"}],"predecessor-version":[{"id":14001,"href":"https:\/\/www.preprod.gmt-menuiseries.com\/funirey-menuiseries\/wp-json\/wp\/v2\/pages\/13970\/revisions\/14001"}],"wp:attachment":[{"href":"https:\/\/www.preprod.gmt-menuiseries.com\/funirey-menuiseries\/wp-json\/wp\/v2\/media?parent=13970"}],"curies":[{"name":"wp","href":"https:\/\/api.w.org\/{rel}","templated":true}]}}