{"id":13144,"date":"2020-02-26T13:34:04","date_gmt":"2020-02-26T11:34:04","guid":{"rendered":"https:\/\/www.gmt-menuiseries.com\/menuiseries-antoine\/menuiseries-antoine\/qui-sommes-nous-2\/"},"modified":"2020-11-29T07:24:54","modified_gmt":"2020-11-29T06:24:54","slug":"qui-sommes-nous-2","status":"publish","type":"page","link":"https:\/\/www.preprod.gmt-menuiseries.com\/menuiseries-antoine\/qui-sommes-nous-2\/","title":{"rendered":"Qui sommes-nous ?"},"content":{"rendered":"<p><img loading=\"lazy\" decoding=\"async\" class=\"size-medium wp-image-13416 alignleft\" src=\"https:\/\/www.gmt-menuiseries.com\/menuiseries-antoine\/wp-content\/uploads\/sites\/4\/2020\/11\/louis-antoine-219x300.jpg\" alt=\"\" width=\"219\" height=\"300\" srcset=\"https:\/\/www.preprod.gmt-menuiseries.com\/wp-content\/uploads\/2020\/11\/louis-antoine-219x300.jpg 219w, https:\/\/www.preprod.gmt-menuiseries.com\/wp-content\/uploads\/2020\/11\/louis-antoine-129x177.jpg 129w, https:\/\/www.preprod.gmt-menuiseries.com\/wp-content\/uploads\/2020\/11\/louis-antoine-44x60.jpg 44w, https:\/\/www.preprod.gmt-menuiseries.com\/wp-content\/uploads\/2020\/11\/louis-antoine-73x100.jpg 73w, https:\/\/www.preprod.gmt-menuiseries.com\/wp-content\/uploads\/2020\/11\/louis-antoine.jpg 329w\" sizes=\"auto, (max-width: 219px) 100vw, 219px\" \/>En 1932, Louis ANTOINE ouvre un atelier de menuiserie \u00e0 Marseille, au 3 rue Pierre Roche \u00e0 c\u00f4t\u00e9 de l&rsquo;Eglise des Chartreux.<br \/>\nSp\u00e9cialis\u00e9 dans la menuiserie du b\u00e2timent, il fabrique d&rsquo;abord sur mesure et \u00e0 la commande des fen\u00eatres,\u00a0 volets, portes d&rsquo;entr\u00e9e et portes d&rsquo;int\u00e9rieur.<\/p>\n<p>Tr\u00e8s rapidement, pr\u00e9curseur de la menuiserie industrielle, il oriente sa production dans les mesures les plus courantes et les tient en stock disponible.<br \/>\nCela bouleverse les habitudes de l&rsquo;\u00e9poque, o\u00f9 le menuisier ne fabrique qu&rsquo;apr\u00e8s r\u00e9alisation du gros oeuvre, s&rsquo;adaptant aux dimensions.<br \/>\nMettant au point des techniques de fabrication moderne, il devient alors, une r\u00e9f\u00e9rence sur la place de Marseille.<\/p>\n<p>En 1958, G\u00e9rard ANTOINE, \u00e0 son tour, reprend un atelier de menuiserie existant, dans le quartier de la Rose, et concentre son activit\u00e9 sur le m\u00eame objectif,<br \/>\nd\u00e9veloppant le secteur des persiennes et des fen\u00eatres en bois du Nord.<img loading=\"lazy\" decoding=\"async\" class=\" wp-image-13419 alignright\" src=\"https:\/\/www.gmt-menuiseries.com\/menuiseries-antoine\/wp-content\/uploads\/sites\/4\/2020\/11\/normal_1378916256714835-300x273.jpg\" alt=\"\" width=\"225\" height=\"205\" srcset=\"https:\/\/www.preprod.gmt-menuiseries.com\/wp-content\/uploads\/2020\/11\/normal_1378916256714835-300x273.jpg 300w, https:\/\/www.preprod.gmt-menuiseries.com\/wp-content\/uploads\/2020\/11\/normal_1378916256714835-194x177.jpg 194w, https:\/\/www.preprod.gmt-menuiseries.com\/wp-content\/uploads\/2020\/11\/normal_1378916256714835-60x55.jpg 60w, https:\/\/www.preprod.gmt-menuiseries.com\/wp-content\/uploads\/2020\/11\/normal_1378916256714835-110x100.jpg 110w, https:\/\/www.preprod.gmt-menuiseries.com\/wp-content\/uploads\/2020\/11\/normal_1378916256714835.jpg 305w\" sizes=\"auto, (max-width: 225px) 100vw, 225px\" \/><\/p>\n<p>En 1964, la menuiserie est transf\u00e9r\u00e9e \u00e0 l&rsquo;adresse actuelle, \u00e0 l&rsquo;angle du 278 boulevard de Saint Loup et de l&rsquo;avenue Ell\u00e9on dans le 11\u00e8me arrondissement de Marseille.<br \/>\nD\u00e8s lors d\u00e9positaire de grandes marques de menuiseries industrielles,\u00a0 la Menuiserie ANTOINE devient n\u00e9goce en menuiseries et \u00e9quipe des centaines de villas\u00a0dans toute la r\u00e9gion et s&rsquo;appelle d\u00e9sormais \u00ab\u00a0MENUISERIES ANTOINE\u00a0\u00bb.<\/p>\n<p>D\u00e8s 1971, les meubles de Cuisines et de Salles de Bains viennent enrichir la gamme de produits distribu\u00e9s, permettant \u00e0 Menuiseries ANTOINE de devenir l&rsquo;un des premiers\u00a0distributeurs de cuisines \u00e9quip\u00e9es de la r\u00e9gion Marseillaise.<\/p>\n<p>En 1989, Jean Michel ANTOINE, reprenant le flambeau, d\u00e9veloppe le secteur Cuisine, dont les grandes marques, ALNO et PYRAM, \u00e9largit les gammes de produits et introduit l&rsquo;\u00e9lectrom\u00e9nager .<\/p>\n<p>C&rsquo;est \u00e9galement, \u00e0 cette date ( en 1995 ) , que Jean Michel ANTOINE, cr\u00e9e le \u00ab\u00a0Groupement Profession Menuisier\u00a0\u00bb, qui regroupe d&rsquo;autres n\u00e9goces en France diffusant les m\u00eames produits.<br \/>\nAujourd&rsquo;hui integr\u00e9 au groupement GMT, distributeur de produits de qualit\u00e9, conformes aux normes en vigueur, nous sommes \u00e0 l&rsquo;\u00e9coute de chaque projet. Nos commerciaux sont \u00e0 votre disposition,\u00a0pour vous recevoir dans nos salles d&rsquo;exposition, vous rencontrer \u00e0 votre domicile ou sur votre chantier.<\/p>\n<p>Les menuiseries PVC et Aluminium, les volets roulants viennent \u00e9galement compl\u00e9ter la gamme des menuiseries Bois.<\/p>\n<p>En \u00a02015 , cr\u00e9ation d&rsquo;un bureau d&rsquo;\u00e9tudes pour personnaliser les produits \u00a0des fabricants pour l&rsquo;enseigne GMT et r\u00e9pondre au plus pr\u00e9s au plus pr\u00e9s \u00e0 la demande de nos clients. En 2018 , cr\u00e9ation de la cellule innovation et nouvelles technologies .<img loading=\"lazy\" decoding=\"async\" class=\" wp-image-11386 alignleft\" src=\"https:\/\/www.gmt-menuiseries.com\/menuiseries-antoine\/wp-content\/uploads\/sites\/4\/2020\/07\/menuiserie-slider-300x135.jpg\" alt=\"\" width=\"318\" height=\"143\" srcset=\"https:\/\/www.preprod.gmt-menuiseries.com\/wp-content\/uploads\/2020\/07\/menuiserie-slider-300x135.jpg 300w, https:\/\/www.preprod.gmt-menuiseries.com\/wp-content\/uploads\/2020\/07\/menuiserie-slider-1024x461.jpg 1024w, https:\/\/www.preprod.gmt-menuiseries.com\/wp-content\/uploads\/2020\/07\/menuiserie-slider-768x346.jpg 768w, https:\/\/www.preprod.gmt-menuiseries.com\/wp-content\/uploads\/2020\/07\/menuiserie-slider-750x338.jpg 750w, https:\/\/www.preprod.gmt-menuiseries.com\/wp-content\/uploads\/2020\/07\/menuiserie-slider-253x114.jpg 253w, https:\/\/www.preprod.gmt-menuiseries.com\/wp-content\/uploads\/2020\/07\/menuiserie-slider-60x27.jpg 60w, https:\/\/www.preprod.gmt-menuiseries.com\/wp-content\/uploads\/2020\/07\/menuiserie-slider-165x74.jpg 165w, https:\/\/www.preprod.gmt-menuiseries.com\/wp-content\/uploads\/2020\/07\/menuiserie-slider.jpg 1110w\" sizes=\"auto, (max-width: 318px) 100vw, 318px\" \/><\/p>\n<p>Egalement sp\u00e9cialis\u00e9 dans la r\u00e9novation, MENUISERIES ANTOINE peut r\u00e9pondre \u00e0 chaque demande , tant au niveau de l&rsquo;am\u00e9nagement int\u00e9rieur , que ext\u00e9rieur de la Maison .<\/p>\n<p>Venez d\u00e9couvrir l&rsquo;ensemble de nos produits dans notre show room .<\/p>\n","protected":false},"excerpt":{"rendered":"<p>En 1932, Louis ANTOINE ouvre un atelier de menuiserie \u00e0 Marseille, au 3 rue Pierre Roche \u00e0 c\u00f4t\u00e9 de l&rsquo;Eglise des Chartreux. Sp\u00e9cialis\u00e9 dans la menuiserie du b\u00e2timent, il fabrique d&rsquo;abord sur mesure et \u00e0 la commande des fen\u00eatres,\u00a0 volets, portes d&rsquo;entr\u00e9e et portes d&rsquo;int\u00e9rieur. Tr\u00e8s rapidement, pr\u00e9curseur de la menuiserie industrielle, il oriente sa&#8230;<\/p>\n","protected":false},"author":1,"featured_media":0,"parent":0,"menu_order":0,"comment_status":"closed","ping_status":"closed","template":"views\/presentation.blade.php","meta":{"footnotes":""},"class_list":["post-13144","page","type-page","status-publish","hentry"],"acf":[],"yoast_head":"<!-- This site is optimized with the Yoast SEO plugin v24.1 - https:\/\/yoast.com\/wordpress\/plugins\/seo\/ -->\n<title>Qui sommes-nous ? - Menuiseries Antoine<\/title>\n<meta name=\"robots\" content=\"index, follow, max-snippet:-1, max-image-preview:large, max-video-preview:-1\" \/>\n<link rel=\"canonical\" href=\"https:\/\/www.preprod.gmt-menuiseries.com\/menuiseries-antoine\/qui-sommes-nous-2\/\" \/>\n<meta property=\"og:locale\" content=\"fr_FR\" \/>\n<meta property=\"og:type\" content=\"article\" \/>\n<meta property=\"og:title\" content=\"Qui sommes-nous ? - Menuiseries Antoine\" \/>\n<meta property=\"og:description\" content=\"En 1932, Louis ANTOINE ouvre un atelier de menuiserie \u00e0 Marseille, au 3 rue Pierre Roche \u00e0 c\u00f4t\u00e9 de l&rsquo;Eglise des Chartreux. Sp\u00e9cialis\u00e9 dans la menuiserie du b\u00e2timent, il fabrique d&rsquo;abord sur mesure et \u00e0 la commande des fen\u00eatres,\u00a0 volets, portes d&rsquo;entr\u00e9e et portes d&rsquo;int\u00e9rieur. Tr\u00e8s rapidement, pr\u00e9curseur de la menuiserie industrielle, il oriente sa...\" \/>\n<meta property=\"og:url\" content=\"https:\/\/www.preprod.gmt-menuiseries.com\/menuiseries-antoine\/qui-sommes-nous-2\/\" \/>\n<meta property=\"og:site_name\" content=\"Menuiseries Antoine\" \/>\n<meta property=\"article:modified_time\" content=\"2020-11-29T06:24:54+00:00\" \/>\n<meta property=\"og:image\" content=\"https:\/\/www.gmt-menuiseries.com\/menuiseries-antoine\/wp-content\/uploads\/sites\/4\/2020\/11\/louis-antoine-219x300.jpg\" \/>\n<meta name=\"twitter:card\" content=\"summary_large_image\" \/>\n<meta name=\"twitter:label1\" content=\"Dur\u00e9e de lecture estim\u00e9e\" \/>\n\t<meta name=\"twitter:data1\" content=\"2 minutes\" \/>\n<script type=\"application\/ld+json\" class=\"yoast-schema-graph\">{\"@context\":\"https:\/\/schema.org\",\"@graph\":[{\"@type\":\"WebPage\",\"@id\":\"https:\/\/www.preprod.gmt-menuiseries.com\/menuiseries-antoine\/qui-sommes-nous-2\/\",\"url\":\"https:\/\/www.preprod.gmt-menuiseries.com\/menuiseries-antoine\/qui-sommes-nous-2\/\",\"name\":\"Qui sommes-nous ? - Menuiseries Antoine\",\"isPartOf\":{\"@id\":\"https:\/\/www.preprod.gmt-menuiseries.com\/menuiseries-antoine\/#website\"},\"primaryImageOfPage\":{\"@id\":\"https:\/\/www.preprod.gmt-menuiseries.com\/menuiseries-antoine\/qui-sommes-nous-2\/#primaryimage\"},\"image\":{\"@id\":\"https:\/\/www.preprod.gmt-menuiseries.com\/menuiseries-antoine\/qui-sommes-nous-2\/#primaryimage\"},\"thumbnailUrl\":\"https:\/\/www.gmt-menuiseries.com\/menuiseries-antoine\/wp-content\/uploads\/sites\/4\/2020\/11\/louis-antoine-219x300.jpg\",\"datePublished\":\"2020-02-26T11:34:04+00:00\",\"dateModified\":\"2020-11-29T06:24:54+00:00\",\"breadcrumb\":{\"@id\":\"https:\/\/www.preprod.gmt-menuiseries.com\/menuiseries-antoine\/qui-sommes-nous-2\/#breadcrumb\"},\"inLanguage\":\"fr-FR\",\"potentialAction\":[{\"@type\":\"ReadAction\",\"target\":[\"https:\/\/www.preprod.gmt-menuiseries.com\/menuiseries-antoine\/qui-sommes-nous-2\/\"]}]},{\"@type\":\"ImageObject\",\"inLanguage\":\"fr-FR\",\"@id\":\"https:\/\/www.preprod.gmt-menuiseries.com\/menuiseries-antoine\/qui-sommes-nous-2\/#primaryimage\",\"url\":\"https:\/\/www.gmt-menuiseries.com\/menuiseries-antoine\/wp-content\/uploads\/sites\/4\/2020\/11\/louis-antoine-219x300.jpg\",\"contentUrl\":\"https:\/\/www.gmt-menuiseries.com\/menuiseries-antoine\/wp-content\/uploads\/sites\/4\/2020\/11\/louis-antoine-219x300.jpg\"},{\"@type\":\"BreadcrumbList\",\"@id\":\"https:\/\/www.preprod.gmt-menuiseries.com\/menuiseries-antoine\/qui-sommes-nous-2\/#breadcrumb\",\"itemListElement\":[{\"@type\":\"ListItem\",\"position\":1,\"name\":\"Accueil\",\"item\":\"https:\/\/www.preprod.gmt-menuiseries.com\/menuiseries-antoine\/\"},{\"@type\":\"ListItem\",\"position\":2,\"name\":\"Qui sommes-nous ?\"}]},{\"@type\":\"WebSite\",\"@id\":\"https:\/\/www.preprod.gmt-menuiseries.com\/menuiseries-antoine\/#website\",\"url\":\"https:\/\/www.preprod.gmt-menuiseries.com\/menuiseries-antoine\/\",\"name\":\"Menuiseries Antoine\",\"description\":\"Un site utilisant WordPress\",\"publisher\":{\"@id\":\"https:\/\/www.preprod.gmt-menuiseries.com\/menuiseries-antoine\/#organization\"},\"potentialAction\":[{\"@type\":\"SearchAction\",\"target\":{\"@type\":\"EntryPoint\",\"urlTemplate\":\"https:\/\/www.preprod.gmt-menuiseries.com\/menuiseries-antoine\/?s={search_term_string}\"},\"query-input\":{\"@type\":\"PropertyValueSpecification\",\"valueRequired\":true,\"valueName\":\"search_term_string\"}}],\"inLanguage\":\"fr-FR\"},{\"@type\":\"Organization\",\"@id\":\"https:\/\/www.preprod.gmt-menuiseries.com\/menuiseries-antoine\/#organization\",\"name\":\"Menuiseries Antoine\",\"url\":\"https:\/\/www.preprod.gmt-menuiseries.com\/menuiseries-antoine\/\",\"logo\":{\"@type\":\"ImageObject\",\"inLanguage\":\"fr-FR\",\"@id\":\"https:\/\/www.preprod.gmt-menuiseries.com\/menuiseries-antoine\/#\/schema\/logo\/image\/\",\"url\":\"https:\/\/www.preprod.gmt-menuiseries.com\/wp-content\/uploads\/2025\/09\/Property-1logo-agence-menuiserieantoine.png\",\"contentUrl\":\"https:\/\/www.preprod.gmt-menuiseries.com\/wp-content\/uploads\/2025\/09\/Property-1logo-agence-menuiserieantoine.png\",\"width\":140,\"height\":96,\"caption\":\"Menuiseries Antoine\"},\"image\":{\"@id\":\"https:\/\/www.preprod.gmt-menuiseries.com\/menuiseries-antoine\/#\/schema\/logo\/image\/\"}}]}<\/script>\n<!-- \/ Yoast SEO plugin. -->","yoast_head_json":{"title":"Qui sommes-nous ? - Menuiseries Antoine","robots":{"index":"index","follow":"follow","max-snippet":"max-snippet:-1","max-image-preview":"max-image-preview:large","max-video-preview":"max-video-preview:-1"},"canonical":"https:\/\/www.preprod.gmt-menuiseries.com\/menuiseries-antoine\/qui-sommes-nous-2\/","og_locale":"fr_FR","og_type":"article","og_title":"Qui sommes-nous ? - Menuiseries Antoine","og_description":"En 1932, Louis ANTOINE ouvre un atelier de menuiserie \u00e0 Marseille, au 3 rue Pierre Roche \u00e0 c\u00f4t\u00e9 de l&rsquo;Eglise des Chartreux. Sp\u00e9cialis\u00e9 dans la menuiserie du b\u00e2timent, il fabrique d&rsquo;abord sur mesure et \u00e0 la commande des fen\u00eatres,\u00a0 volets, portes d&rsquo;entr\u00e9e et portes d&rsquo;int\u00e9rieur. Tr\u00e8s rapidement, pr\u00e9curseur de la menuiserie industrielle, il oriente sa...","og_url":"https:\/\/www.preprod.gmt-menuiseries.com\/menuiseries-antoine\/qui-sommes-nous-2\/","og_site_name":"Menuiseries Antoine","article_modified_time":"2020-11-29T06:24:54+00:00","og_image":[{"url":"https:\/\/www.gmt-menuiseries.com\/menuiseries-antoine\/wp-content\/uploads\/sites\/4\/2020\/11\/louis-antoine-219x300.jpg","type":"","width":"","height":""}],"twitter_card":"summary_large_image","twitter_misc":{"Dur\u00e9e de lecture estim\u00e9e":"2 minutes"},"schema":{"@context":"https:\/\/schema.org","@graph":[{"@type":"WebPage","@id":"https:\/\/www.preprod.gmt-menuiseries.com\/menuiseries-antoine\/qui-sommes-nous-2\/","url":"https:\/\/www.preprod.gmt-menuiseries.com\/menuiseries-antoine\/qui-sommes-nous-2\/","name":"Qui sommes-nous ? - Menuiseries Antoine","isPartOf":{"@id":"https:\/\/www.preprod.gmt-menuiseries.com\/menuiseries-antoine\/#website"},"primaryImageOfPage":{"@id":"https:\/\/www.preprod.gmt-menuiseries.com\/menuiseries-antoine\/qui-sommes-nous-2\/#primaryimage"},"image":{"@id":"https:\/\/www.preprod.gmt-menuiseries.com\/menuiseries-antoine\/qui-sommes-nous-2\/#primaryimage"},"thumbnailUrl":"https:\/\/www.gmt-menuiseries.com\/menuiseries-antoine\/wp-content\/uploads\/sites\/4\/2020\/11\/louis-antoine-219x300.jpg","datePublished":"2020-02-26T11:34:04+00:00","dateModified":"2020-11-29T06:24:54+00:00","breadcrumb":{"@id":"https:\/\/www.preprod.gmt-menuiseries.com\/menuiseries-antoine\/qui-sommes-nous-2\/#breadcrumb"},"inLanguage":"fr-FR","potentialAction":[{"@type":"ReadAction","target":["https:\/\/www.preprod.gmt-menuiseries.com\/menuiseries-antoine\/qui-sommes-nous-2\/"]}]},{"@type":"ImageObject","inLanguage":"fr-FR","@id":"https:\/\/www.preprod.gmt-menuiseries.com\/menuiseries-antoine\/qui-sommes-nous-2\/#primaryimage","url":"https:\/\/www.gmt-menuiseries.com\/menuiseries-antoine\/wp-content\/uploads\/sites\/4\/2020\/11\/louis-antoine-219x300.jpg","contentUrl":"https:\/\/www.gmt-menuiseries.com\/menuiseries-antoine\/wp-content\/uploads\/sites\/4\/2020\/11\/louis-antoine-219x300.jpg"},{"@type":"BreadcrumbList","@id":"https:\/\/www.preprod.gmt-menuiseries.com\/menuiseries-antoine\/qui-sommes-nous-2\/#breadcrumb","itemListElement":[{"@type":"ListItem","position":1,"name":"Accueil","item":"https:\/\/www.preprod.gmt-menuiseries.com\/menuiseries-antoine\/"},{"@type":"ListItem","position":2,"name":"Qui sommes-nous ?"}]},{"@type":"WebSite","@id":"https:\/\/www.preprod.gmt-menuiseries.com\/menuiseries-antoine\/#website","url":"https:\/\/www.preprod.gmt-menuiseries.com\/menuiseries-antoine\/","name":"Menuiseries Antoine","description":"Un site utilisant WordPress","publisher":{"@id":"https:\/\/www.preprod.gmt-menuiseries.com\/menuiseries-antoine\/#organization"},"potentialAction":[{"@type":"SearchAction","target":{"@type":"EntryPoint","urlTemplate":"https:\/\/www.preprod.gmt-menuiseries.com\/menuiseries-antoine\/?s={search_term_string}"},"query-input":{"@type":"PropertyValueSpecification","valueRequired":true,"valueName":"search_term_string"}}],"inLanguage":"fr-FR"},{"@type":"Organization","@id":"https:\/\/www.preprod.gmt-menuiseries.com\/menuiseries-antoine\/#organization","name":"Menuiseries Antoine","url":"https:\/\/www.preprod.gmt-menuiseries.com\/menuiseries-antoine\/","logo":{"@type":"ImageObject","inLanguage":"fr-FR","@id":"https:\/\/www.preprod.gmt-menuiseries.com\/menuiseries-antoine\/#\/schema\/logo\/image\/","url":"https:\/\/www.preprod.gmt-menuiseries.com\/wp-content\/uploads\/2025\/09\/Property-1logo-agence-menuiserieantoine.png","contentUrl":"https:\/\/www.preprod.gmt-menuiseries.com\/wp-content\/uploads\/2025\/09\/Property-1logo-agence-menuiserieantoine.png","width":140,"height":96,"caption":"Menuiseries Antoine"},"image":{"@id":"https:\/\/www.preprod.gmt-menuiseries.com\/menuiseries-antoine\/#\/schema\/logo\/image\/"}}]}},"_links":{"self":[{"href":"https:\/\/www.preprod.gmt-menuiseries.com\/menuiseries-antoine\/wp-json\/wp\/v2\/pages\/13144","targetHints":{"allow":["GET"]}}],"collection":[{"href":"https:\/\/www.preprod.gmt-menuiseries.com\/menuiseries-antoine\/wp-json\/wp\/v2\/pages"}],"about":[{"href":"https:\/\/www.preprod.gmt-menuiseries.com\/menuiseries-antoine\/wp-json\/wp\/v2\/types\/page"}],"author":[{"embeddable":true,"href":"https:\/\/www.preprod.gmt-menuiseries.com\/menuiseries-antoine\/wp-json\/wp\/v2\/users\/1"}],"replies":[{"embeddable":true,"href":"https:\/\/www.preprod.gmt-menuiseries.com\/menuiseries-antoine\/wp-json\/wp\/v2\/comments?post=13144"}],"version-history":[{"count":12,"href":"https:\/\/www.preprod.gmt-menuiseries.com\/menuiseries-antoine\/wp-json\/wp\/v2\/pages\/13144\/revisions"}],"predecessor-version":[{"id":13422,"href":"https:\/\/www.preprod.gmt-menuiseries.com\/menuiseries-antoine\/wp-json\/wp\/v2\/pages\/13144\/revisions\/13422"}],"wp:attachment":[{"href":"https:\/\/www.preprod.gmt-menuiseries.com\/menuiseries-antoine\/wp-json\/wp\/v2\/media?parent=13144"}],"curies":[{"name":"wp","href":"https:\/\/api.w.org\/{rel}","templated":true}]}}