{"id":13150,"date":"2020-06-19T16:51:47","date_gmt":"2020-06-19T14:51:47","guid":{"rendered":"https:\/\/www.gmt-menuiseries.com\/menuiseries-antoine\/menuiseries-antoine\/decoration-2\/"},"modified":"2021-01-25T14:13:55","modified_gmt":"2021-01-25T13:13:55","slug":"decoration","status":"publish","type":"page","link":"https:\/\/www.preprod.gmt-menuiseries.com\/menuiseries-antoine\/decoration\/","title":{"rendered":"Nos solutions d\u00e9corations"},"content":{"rendered":"<p>Personnalisez votre habitat \u00e0 votre image selon nos s\u00e9lections de menuiseries d&rsquo;int\u00e9rieur ou d&rsquo;ext\u00e9rieur.<br \/>\nNos professionnels partenaires sont pr\u00e9sents pour vous accompagner lors des diff\u00e9rentes \u00e9tapes de votre projet.<br \/>\nD\u00e9couvrez ici nos solutions \u00e0 porter de mains.<\/p>\n","protected":false},"excerpt":{"rendered":"<p>Personnalisez votre habitat \u00e0 votre image selon nos s\u00e9lections de menuiseries d&rsquo;int\u00e9rieur ou d&rsquo;ext\u00e9rieur. Nos professionnels partenaires sont pr\u00e9sents pour vous accompagner lors des diff\u00e9rentes \u00e9tapes de votre projet. D\u00e9couvrez ici nos solutions \u00e0 porter de mains.<\/p>\n","protected":false},"author":1,"featured_media":0,"parent":0,"menu_order":0,"comment_status":"closed","ping_status":"closed","template":"views\/presentation.blade.php","meta":{"footnotes":""},"class_list":["post-13150","page","type-page","status-publish","hentry"],"acf":[],"yoast_head":"<!-- This site is optimized with the Yoast SEO plugin v24.1 - https:\/\/yoast.com\/wordpress\/plugins\/seo\/ -->\n<title>Nos solutions d\u00e9corations - Menuiseries Antoine<\/title>\n<meta name=\"robots\" content=\"index, follow, max-snippet:-1, max-image-preview:large, max-video-preview:-1\" \/>\n<link rel=\"canonical\" href=\"https:\/\/www.preprod.gmt-menuiseries.com\/menuiseries-antoine\/decoration\/\" \/>\n<meta property=\"og:locale\" content=\"fr_FR\" \/>\n<meta property=\"og:type\" content=\"article\" \/>\n<meta property=\"og:title\" content=\"Nos solutions d\u00e9corations - Menuiseries Antoine\" \/>\n<meta property=\"og:description\" content=\"Personnalisez votre habitat \u00e0 votre image selon nos s\u00e9lections de menuiseries d&rsquo;int\u00e9rieur ou d&rsquo;ext\u00e9rieur. Nos professionnels partenaires sont pr\u00e9sents pour vous accompagner lors des diff\u00e9rentes \u00e9tapes de votre projet. D\u00e9couvrez ici nos solutions \u00e0 porter de mains.\" \/>\n<meta property=\"og:url\" content=\"https:\/\/www.preprod.gmt-menuiseries.com\/menuiseries-antoine\/decoration\/\" \/>\n<meta property=\"og:site_name\" content=\"Menuiseries Antoine\" \/>\n<meta property=\"article:modified_time\" content=\"2021-01-25T13:13:55+00:00\" \/>\n<meta name=\"twitter:card\" content=\"summary_large_image\" \/>\n<script type=\"application\/ld+json\" class=\"yoast-schema-graph\">{\"@context\":\"https:\/\/schema.org\",\"@graph\":[{\"@type\":\"WebPage\",\"@id\":\"https:\/\/www.preprod.gmt-menuiseries.com\/menuiseries-antoine\/decoration\/\",\"url\":\"https:\/\/www.preprod.gmt-menuiseries.com\/menuiseries-antoine\/decoration\/\",\"name\":\"Nos solutions d\u00e9corations - Menuiseries Antoine\",\"isPartOf\":{\"@id\":\"https:\/\/www.preprod.gmt-menuiseries.com\/menuiseries-antoine\/#website\"},\"datePublished\":\"2020-06-19T14:51:47+00:00\",\"dateModified\":\"2021-01-25T13:13:55+00:00\",\"breadcrumb\":{\"@id\":\"https:\/\/www.preprod.gmt-menuiseries.com\/menuiseries-antoine\/decoration\/#breadcrumb\"},\"inLanguage\":\"fr-FR\",\"potentialAction\":[{\"@type\":\"ReadAction\",\"target\":[\"https:\/\/www.preprod.gmt-menuiseries.com\/menuiseries-antoine\/decoration\/\"]}]},{\"@type\":\"BreadcrumbList\",\"@id\":\"https:\/\/www.preprod.gmt-menuiseries.com\/menuiseries-antoine\/decoration\/#breadcrumb\",\"itemListElement\":[{\"@type\":\"ListItem\",\"position\":1,\"name\":\"Accueil\",\"item\":\"https:\/\/www.preprod.gmt-menuiseries.com\/menuiseries-antoine\/\"},{\"@type\":\"ListItem\",\"position\":2,\"name\":\"Nos solutions d\u00e9corations\"}]},{\"@type\":\"WebSite\",\"@id\":\"https:\/\/www.preprod.gmt-menuiseries.com\/menuiseries-antoine\/#website\",\"url\":\"https:\/\/www.preprod.gmt-menuiseries.com\/menuiseries-antoine\/\",\"name\":\"Menuiseries Antoine\",\"description\":\"Un site utilisant WordPress\",\"publisher\":{\"@id\":\"https:\/\/www.preprod.gmt-menuiseries.com\/menuiseries-antoine\/#organization\"},\"potentialAction\":[{\"@type\":\"SearchAction\",\"target\":{\"@type\":\"EntryPoint\",\"urlTemplate\":\"https:\/\/www.preprod.gmt-menuiseries.com\/menuiseries-antoine\/?s={search_term_string}\"},\"query-input\":{\"@type\":\"PropertyValueSpecification\",\"valueRequired\":true,\"valueName\":\"search_term_string\"}}],\"inLanguage\":\"fr-FR\"},{\"@type\":\"Organization\",\"@id\":\"https:\/\/www.preprod.gmt-menuiseries.com\/menuiseries-antoine\/#organization\",\"name\":\"Menuiseries Antoine\",\"url\":\"https:\/\/www.preprod.gmt-menuiseries.com\/menuiseries-antoine\/\",\"logo\":{\"@type\":\"ImageObject\",\"inLanguage\":\"fr-FR\",\"@id\":\"https:\/\/www.preprod.gmt-menuiseries.com\/menuiseries-antoine\/#\/schema\/logo\/image\/\",\"url\":\"https:\/\/www.preprod.gmt-menuiseries.com\/wp-content\/uploads\/2025\/09\/Property-1logo-agence-menuiserieantoine.png\",\"contentUrl\":\"https:\/\/www.preprod.gmt-menuiseries.com\/wp-content\/uploads\/2025\/09\/Property-1logo-agence-menuiserieantoine.png\",\"width\":140,\"height\":96,\"caption\":\"Menuiseries Antoine\"},\"image\":{\"@id\":\"https:\/\/www.preprod.gmt-menuiseries.com\/menuiseries-antoine\/#\/schema\/logo\/image\/\"}}]}<\/script>\n<!-- \/ Yoast SEO plugin. -->","yoast_head_json":{"title":"Nos solutions d\u00e9corations - Menuiseries Antoine","robots":{"index":"index","follow":"follow","max-snippet":"max-snippet:-1","max-image-preview":"max-image-preview:large","max-video-preview":"max-video-preview:-1"},"canonical":"https:\/\/www.preprod.gmt-menuiseries.com\/menuiseries-antoine\/decoration\/","og_locale":"fr_FR","og_type":"article","og_title":"Nos solutions d\u00e9corations - Menuiseries Antoine","og_description":"Personnalisez votre habitat \u00e0 votre image selon nos s\u00e9lections de menuiseries d&rsquo;int\u00e9rieur ou d&rsquo;ext\u00e9rieur. Nos professionnels partenaires sont pr\u00e9sents pour vous accompagner lors des diff\u00e9rentes \u00e9tapes de votre projet. D\u00e9couvrez ici nos solutions \u00e0 porter de mains.","og_url":"https:\/\/www.preprod.gmt-menuiseries.com\/menuiseries-antoine\/decoration\/","og_site_name":"Menuiseries Antoine","article_modified_time":"2021-01-25T13:13:55+00:00","twitter_card":"summary_large_image","schema":{"@context":"https:\/\/schema.org","@graph":[{"@type":"WebPage","@id":"https:\/\/www.preprod.gmt-menuiseries.com\/menuiseries-antoine\/decoration\/","url":"https:\/\/www.preprod.gmt-menuiseries.com\/menuiseries-antoine\/decoration\/","name":"Nos solutions d\u00e9corations - Menuiseries Antoine","isPartOf":{"@id":"https:\/\/www.preprod.gmt-menuiseries.com\/menuiseries-antoine\/#website"},"datePublished":"2020-06-19T14:51:47+00:00","dateModified":"2021-01-25T13:13:55+00:00","breadcrumb":{"@id":"https:\/\/www.preprod.gmt-menuiseries.com\/menuiseries-antoine\/decoration\/#breadcrumb"},"inLanguage":"fr-FR","potentialAction":[{"@type":"ReadAction","target":["https:\/\/www.preprod.gmt-menuiseries.com\/menuiseries-antoine\/decoration\/"]}]},{"@type":"BreadcrumbList","@id":"https:\/\/www.preprod.gmt-menuiseries.com\/menuiseries-antoine\/decoration\/#breadcrumb","itemListElement":[{"@type":"ListItem","position":1,"name":"Accueil","item":"https:\/\/www.preprod.gmt-menuiseries.com\/menuiseries-antoine\/"},{"@type":"ListItem","position":2,"name":"Nos solutions d\u00e9corations"}]},{"@type":"WebSite","@id":"https:\/\/www.preprod.gmt-menuiseries.com\/menuiseries-antoine\/#website","url":"https:\/\/www.preprod.gmt-menuiseries.com\/menuiseries-antoine\/","name":"Menuiseries Antoine","description":"Un site utilisant WordPress","publisher":{"@id":"https:\/\/www.preprod.gmt-menuiseries.com\/menuiseries-antoine\/#organization"},"potentialAction":[{"@type":"SearchAction","target":{"@type":"EntryPoint","urlTemplate":"https:\/\/www.preprod.gmt-menuiseries.com\/menuiseries-antoine\/?s={search_term_string}"},"query-input":{"@type":"PropertyValueSpecification","valueRequired":true,"valueName":"search_term_string"}}],"inLanguage":"fr-FR"},{"@type":"Organization","@id":"https:\/\/www.preprod.gmt-menuiseries.com\/menuiseries-antoine\/#organization","name":"Menuiseries Antoine","url":"https:\/\/www.preprod.gmt-menuiseries.com\/menuiseries-antoine\/","logo":{"@type":"ImageObject","inLanguage":"fr-FR","@id":"https:\/\/www.preprod.gmt-menuiseries.com\/menuiseries-antoine\/#\/schema\/logo\/image\/","url":"https:\/\/www.preprod.gmt-menuiseries.com\/wp-content\/uploads\/2025\/09\/Property-1logo-agence-menuiserieantoine.png","contentUrl":"https:\/\/www.preprod.gmt-menuiseries.com\/wp-content\/uploads\/2025\/09\/Property-1logo-agence-menuiserieantoine.png","width":140,"height":96,"caption":"Menuiseries Antoine"},"image":{"@id":"https:\/\/www.preprod.gmt-menuiseries.com\/menuiseries-antoine\/#\/schema\/logo\/image\/"}}]}},"_links":{"self":[{"href":"https:\/\/www.preprod.gmt-menuiseries.com\/menuiseries-antoine\/wp-json\/wp\/v2\/pages\/13150","targetHints":{"allow":["GET"]}}],"collection":[{"href":"https:\/\/www.preprod.gmt-menuiseries.com\/menuiseries-antoine\/wp-json\/wp\/v2\/pages"}],"about":[{"href":"https:\/\/www.preprod.gmt-menuiseries.com\/menuiseries-antoine\/wp-json\/wp\/v2\/types\/page"}],"author":[{"embeddable":true,"href":"https:\/\/www.preprod.gmt-menuiseries.com\/menuiseries-antoine\/wp-json\/wp\/v2\/users\/1"}],"replies":[{"embeddable":true,"href":"https:\/\/www.preprod.gmt-menuiseries.com\/menuiseries-antoine\/wp-json\/wp\/v2\/comments?post=13150"}],"version-history":[{"count":1,"href":"https:\/\/www.preprod.gmt-menuiseries.com\/menuiseries-antoine\/wp-json\/wp\/v2\/pages\/13150\/revisions"}],"predecessor-version":[{"id":13506,"href":"https:\/\/www.preprod.gmt-menuiseries.com\/menuiseries-antoine\/wp-json\/wp\/v2\/pages\/13150\/revisions\/13506"}],"wp:attachment":[{"href":"https:\/\/www.preprod.gmt-menuiseries.com\/menuiseries-antoine\/wp-json\/wp\/v2\/media?parent=13150"}],"curies":[{"name":"wp","href":"https:\/\/api.w.org\/{rel}","templated":true}]}}