{"id":11578,"date":"2020-07-26T10:56:02","date_gmt":"2020-07-26T08:56:02","guid":{"rendered":"https:\/\/www.gmt-menuiseries.com\/?page_id=11578"},"modified":"2023-09-20T16:14:26","modified_gmt":"2023-09-20T14:14:26","slug":"mentions-legales","status":"publish","type":"page","link":"https:\/\/www.preprod.gmt-menuiseries.com\/test\/mentions-legales\/","title":{"rendered":"Mentions l\u00e9gales"},"content":{"rendered":"<h1>Mentions l\u00e9gales<\/h1>\n<p>Ce site Web est la propri\u00e9t\u00e9 de\u202fGMT &#8211; Groupement Menuiserie Tradition &#8211;<\/p>\n<p><strong>Editeur :\u00a0<\/strong><br \/>\nGroupement\u202fGMT<\/p>\n<p>RN 113\u00a0&#8211;\u00a0Carrefour de\u00a0Montlegun<\/p>\n<p>11000 CARCASSONNE<\/p>\n<p><strong>Siret<\/strong> :\u00a030492776700026<\/p>\n<p><strong>Statut juridique<\/strong> : Association Loi 1901<\/p>\n<p><strong>Directeur de la publication :<\/strong><br \/>\nJean-Michel Antoine<\/p>\n<p><strong>Conception, cr\u00e9ation, r\u00e9alisation<\/strong> :<\/p>\n<p>La Compagnie Hyperactive<br \/>\n7 rue du Docteur Roux &#8211; 79000 Niort<\/p>\n<p><strong>H\u00e9bergement :<br \/>\n<\/strong>Alt\u00e9o<br \/>\n47\u00a0bd de Courcelles<br \/>\n75008\u00a0Paris<\/p>\n<p><strong>Propri\u00e9t\u00e9 intellectuelle :\u00a0\u00a0<\/strong><\/p>\n<p>Le contenu de ce site Web est la propri\u00e9t\u00e9 de GMT. Vous avez l&rsquo;autorisation de consulter les donn\u00e9es qu&rsquo;il contient pour votre seule utilisation personnelle non commerciale, ce qui exclut toute exploitation commerciale \u00e0 un niveau\u00a0local, national ou international.<\/p>\n<p>Notamment, aucun logo, texte, son, graphique ou image contenus dans le site ne pourrait \u00eatre copi\u00e9, reproduit, modifi\u00e9, publi\u00e9, \u00e9mis, post\u00e9, transmis ou distribu\u00e9 par quelques moyens que ce soit sans l&rsquo;autorisation pr\u00e9alable \u00e9crite de GMT<\/p>\n<p><strong>Liens Hypertextes :\u00a0<\/strong><\/p>\n<p>Les pages de ce site Web pourront pr\u00e9senter des liens avec d&rsquo;autres sites ou faire des renvois \u00e0 d&rsquo;autres sites.<br \/>\nGMT ne se porte pas garant du contenu de ces autres sites et ne pourra \u00eatre tenu responsable des dommages r\u00e9sultant de l&rsquo;utilisation de contenu de ces sites.<\/p>\n<p>Les liens vers d&rsquo;autres sites ne sont fournis que pour la commodit\u00e9 de l&rsquo;utilisateur de ce site Web.<\/p>\n","protected":false},"excerpt":{"rendered":"<p>Mentions l\u00e9gales Ce site Web est la propri\u00e9t\u00e9 de\u202fGMT &#8211; Groupement Menuiserie Tradition &#8211; Editeur :\u00a0 Groupement\u202fGMT RN 113\u00a0&#8211;\u00a0Carrefour de\u00a0Montlegun 11000 CARCASSONNE Siret :\u00a030492776700026 Statut juridique : Association Loi 1901 Directeur de la publication : Jean-Michel Antoine Conception, cr\u00e9ation, r\u00e9alisation : La Compagnie Hyperactive 7 rue du Docteur Roux &#8211; 79000 Niort H\u00e9bergement : Alt\u00e9o&#8230;<\/p>\n","protected":false},"author":1,"featured_media":0,"parent":0,"menu_order":0,"comment_status":"closed","ping_status":"closed","template":"","meta":{"footnotes":""},"class_list":["post-11578","page","type-page","status-publish","hentry"],"acf":[],"yoast_head":"<!-- This site is optimized with the Yoast SEO plugin v24.1 - https:\/\/yoast.com\/wordpress\/plugins\/seo\/ -->\n<title>Mentions l\u00e9gales - GMT Menuiseries Test<\/title>\n<meta name=\"robots\" content=\"index, follow, max-snippet:-1, max-image-preview:large, max-video-preview:-1\" \/>\n<link rel=\"canonical\" href=\"https:\/\/www.preprod.gmt-menuiseries.com\/mentions-legales\/\" \/>\n<meta property=\"og:locale\" content=\"fr_FR\" \/>\n<meta property=\"og:type\" content=\"article\" \/>\n<meta property=\"og:title\" content=\"Mentions l\u00e9gales - GMT Menuiseries Test\" \/>\n<meta property=\"og:description\" content=\"Mentions l\u00e9gales Ce site Web est la propri\u00e9t\u00e9 de\u202fGMT &#8211; Groupement Menuiserie Tradition &#8211; Editeur :\u00a0 Groupement\u202fGMT RN 113\u00a0&#8211;\u00a0Carrefour de\u00a0Montlegun 11000 CARCASSONNE Siret :\u00a030492776700026 Statut juridique : Association Loi 1901 Directeur de la publication : Jean-Michel Antoine Conception, cr\u00e9ation, r\u00e9alisation : La Compagnie Hyperactive 7 rue du Docteur Roux &#8211; 79000 Niort H\u00e9bergement : Alt\u00e9o...\" \/>\n<meta property=\"og:url\" content=\"https:\/\/www.preprod.gmt-menuiseries.com\/mentions-legales\/\" \/>\n<meta property=\"og:site_name\" content=\"GMT Menuiseries Test\" \/>\n<meta property=\"article:modified_time\" content=\"2023-09-20T14:14:26+00:00\" \/>\n<meta name=\"twitter:card\" content=\"summary_large_image\" \/>\n<meta name=\"twitter:label1\" content=\"Dur\u00e9e de lecture estim\u00e9e\" \/>\n\t<meta name=\"twitter:data1\" content=\"2 minutes\" \/>\n<script type=\"application\/ld+json\" class=\"yoast-schema-graph\">{\"@context\":\"https:\/\/schema.org\",\"@graph\":[{\"@type\":\"WebPage\",\"@id\":\"https:\/\/www.preprod.gmt-menuiseries.com\/mentions-legales\/\",\"url\":\"https:\/\/www.preprod.gmt-menuiseries.com\/mentions-legales\/\",\"name\":\"Mentions l\u00e9gales - GMT Menuiseries Test\",\"isPartOf\":{\"@id\":\"https:\/\/www.preprod.gmt-menuiseries.com\/#website\"},\"datePublished\":\"2020-07-26T08:56:02+00:00\",\"dateModified\":\"2023-09-20T14:14:26+00:00\",\"breadcrumb\":{\"@id\":\"https:\/\/www.preprod.gmt-menuiseries.com\/mentions-legales\/#breadcrumb\"},\"inLanguage\":\"fr-FR\",\"potentialAction\":[{\"@type\":\"ReadAction\",\"target\":[\"https:\/\/www.preprod.gmt-menuiseries.com\/mentions-legales\/\"]}]},{\"@type\":\"BreadcrumbList\",\"@id\":\"https:\/\/www.preprod.gmt-menuiseries.com\/mentions-legales\/#breadcrumb\",\"itemListElement\":[{\"@type\":\"ListItem\",\"position\":1,\"name\":\"Accueil\",\"item\":\"https:\/\/www.preprod.gmt-menuiseries.com\/test\/\"},{\"@type\":\"ListItem\",\"position\":2,\"name\":\"Mentions l\u00e9gales\"}]},{\"@type\":\"WebSite\",\"@id\":\"https:\/\/www.preprod.gmt-menuiseries.com\/#website\",\"url\":\"https:\/\/www.preprod.gmt-menuiseries.com\/\",\"name\":\"GMT Menuiseries Test\",\"description\":\"Un site utilisant WordPress\",\"potentialAction\":[{\"@type\":\"SearchAction\",\"target\":{\"@type\":\"EntryPoint\",\"urlTemplate\":\"https:\/\/www.preprod.gmt-menuiseries.com\/?s={search_term_string}\"},\"query-input\":{\"@type\":\"PropertyValueSpecification\",\"valueRequired\":true,\"valueName\":\"search_term_string\"}}],\"inLanguage\":\"fr-FR\"}]}<\/script>\n<!-- \/ Yoast SEO plugin. -->","yoast_head_json":{"title":"Mentions l\u00e9gales - GMT Menuiseries Test","robots":{"index":"index","follow":"follow","max-snippet":"max-snippet:-1","max-image-preview":"max-image-preview:large","max-video-preview":"max-video-preview:-1"},"canonical":"https:\/\/www.preprod.gmt-menuiseries.com\/mentions-legales\/","og_locale":"fr_FR","og_type":"article","og_title":"Mentions l\u00e9gales - GMT Menuiseries Test","og_description":"Mentions l\u00e9gales Ce site Web est la propri\u00e9t\u00e9 de\u202fGMT &#8211; Groupement Menuiserie Tradition &#8211; Editeur :\u00a0 Groupement\u202fGMT RN 113\u00a0&#8211;\u00a0Carrefour de\u00a0Montlegun 11000 CARCASSONNE Siret :\u00a030492776700026 Statut juridique : Association Loi 1901 Directeur de la publication : Jean-Michel Antoine Conception, cr\u00e9ation, r\u00e9alisation : La Compagnie Hyperactive 7 rue du Docteur Roux &#8211; 79000 Niort H\u00e9bergement : Alt\u00e9o...","og_url":"https:\/\/www.preprod.gmt-menuiseries.com\/mentions-legales\/","og_site_name":"GMT Menuiseries Test","article_modified_time":"2023-09-20T14:14:26+00:00","twitter_card":"summary_large_image","twitter_misc":{"Dur\u00e9e de lecture estim\u00e9e":"2 minutes"},"schema":{"@context":"https:\/\/schema.org","@graph":[{"@type":"WebPage","@id":"https:\/\/www.preprod.gmt-menuiseries.com\/mentions-legales\/","url":"https:\/\/www.preprod.gmt-menuiseries.com\/mentions-legales\/","name":"Mentions l\u00e9gales - GMT Menuiseries Test","isPartOf":{"@id":"https:\/\/www.preprod.gmt-menuiseries.com\/#website"},"datePublished":"2020-07-26T08:56:02+00:00","dateModified":"2023-09-20T14:14:26+00:00","breadcrumb":{"@id":"https:\/\/www.preprod.gmt-menuiseries.com\/mentions-legales\/#breadcrumb"},"inLanguage":"fr-FR","potentialAction":[{"@type":"ReadAction","target":["https:\/\/www.preprod.gmt-menuiseries.com\/mentions-legales\/"]}]},{"@type":"BreadcrumbList","@id":"https:\/\/www.preprod.gmt-menuiseries.com\/mentions-legales\/#breadcrumb","itemListElement":[{"@type":"ListItem","position":1,"name":"Accueil","item":"https:\/\/www.preprod.gmt-menuiseries.com\/test\/"},{"@type":"ListItem","position":2,"name":"Mentions l\u00e9gales"}]},{"@type":"WebSite","@id":"https:\/\/www.preprod.gmt-menuiseries.com\/#website","url":"https:\/\/www.preprod.gmt-menuiseries.com\/","name":"GMT Menuiseries Test","description":"Un site utilisant WordPress","potentialAction":[{"@type":"SearchAction","target":{"@type":"EntryPoint","urlTemplate":"https:\/\/www.preprod.gmt-menuiseries.com\/?s={search_term_string}"},"query-input":{"@type":"PropertyValueSpecification","valueRequired":true,"valueName":"search_term_string"}}],"inLanguage":"fr-FR"}]}},"_links":{"self":[{"href":"https:\/\/www.preprod.gmt-menuiseries.com\/test\/wp-json\/wp\/v2\/pages\/11578","targetHints":{"allow":["GET"]}}],"collection":[{"href":"https:\/\/www.preprod.gmt-menuiseries.com\/test\/wp-json\/wp\/v2\/pages"}],"about":[{"href":"https:\/\/www.preprod.gmt-menuiseries.com\/test\/wp-json\/wp\/v2\/types\/page"}],"author":[{"embeddable":true,"href":"https:\/\/www.preprod.gmt-menuiseries.com\/test\/wp-json\/wp\/v2\/users\/1"}],"replies":[{"embeddable":true,"href":"https:\/\/www.preprod.gmt-menuiseries.com\/test\/wp-json\/wp\/v2\/comments?post=11578"}],"version-history":[{"count":5,"href":"https:\/\/www.preprod.gmt-menuiseries.com\/test\/wp-json\/wp\/v2\/pages\/11578\/revisions"}],"predecessor-version":[{"id":17674,"href":"https:\/\/www.preprod.gmt-menuiseries.com\/test\/wp-json\/wp\/v2\/pages\/11578\/revisions\/17674"}],"wp:attachment":[{"href":"https:\/\/www.preprod.gmt-menuiseries.com\/test\/wp-json\/wp\/v2\/media?parent=11578"}],"curies":[{"name":"wp","href":"https:\/\/api.w.org\/{rel}","templated":true}]}}